{"id":1845,"date":"2024-02-26T15:23:36","date_gmt":"2024-02-26T14:23:36","guid":{"rendered":"https:\/\/desafiomedios.com\/?page_id=1845"},"modified":"2024-02-26T16:27:48","modified_gmt":"2024-02-26T15:27:48","slug":"a-solas-con-jesus","status":"publish","type":"page","link":"https:\/\/desafiomedios.com\/?page_id=1845","title":{"rendered":"A solas con Jes\u00fas"},"content":{"rendered":"\t\t<div data-elementor-type=\"wp-page\" data-elementor-id=\"1845\" class=\"elementor elementor-1845\">\n\t\t\t\t<div class=\"elementor-element elementor-element-56e7cb9 e-flex e-con-boxed e-con e-parent\" data-id=\"56e7cb9\" data-element_type=\"container\" data-settings=\"{&quot;content_width&quot;:&quot;boxed&quot;}\" data-core-v316-plus=\"true\">\n\t\t\t\t\t<div class=\"e-con-inner\">\n\t\t\t\t<div class=\"elementor-element elementor-element-ceb1db9 elementor-widget elementor-widget-heading\" data-id=\"ceb1db9\" data-element_type=\"widget\" data-widget_type=\"heading.default\">\n\t\t\t\t<div class=\"elementor-widget-container\">\n\t\t\t<style>\/*! elementor - v3.19.0 - 29-01-2024 *\/\n.elementor-heading-title{padding:0;margin:0;line-height:1}.elementor-widget-heading .elementor-heading-title[class*=elementor-size-]>a{color:inherit;font-size:inherit;line-height:inherit}.elementor-widget-heading .elementor-heading-title.elementor-size-small{font-size:15px}.elementor-widget-heading .elementor-heading-title.elementor-size-medium{font-size:19px}.elementor-widget-heading .elementor-heading-title.elementor-size-large{font-size:29px}.elementor-widget-heading .elementor-heading-title.elementor-size-xl{font-size:39px}.elementor-widget-heading .elementor-heading-title.elementor-size-xxl{font-size:59px}<\/style><h2 class=\"elementor-heading-title elementor-size-default\">A Solas con Jes\u00fas con Rosy Fave -        Descubre el Poder Transformador: Por Qu\u00e9 Necesitas Tu Tiempo a Solas con Jes\u00fas\u00a0<\/h2>\t\t<\/div>\n\t\t\t\t<\/div>\n\t\t\t\t\t<\/div>\n\t\t\t\t<\/div>\n\t\t<div class=\"elementor-element elementor-element-45641d4 e-flex e-con-boxed e-con e-parent\" data-id=\"45641d4\" data-element_type=\"container\" data-settings=\"{&quot;content_width&quot;:&quot;boxed&quot;}\" data-core-v316-plus=\"true\">\n\t\t\t\t\t<div class=\"e-con-inner\">\n\t\t\t\t<div class=\"elementor-element elementor-element-8fe2239 elementor-widget elementor-widget-heading\" data-id=\"8fe2239\" data-element_type=\"widget\" data-widget_type=\"heading.default\">\n\t\t\t\t<div class=\"elementor-widget-container\">\n\t\t\t<h2 class=\"elementor-heading-title elementor-size-default\"><a href=\"https:\/\/www.facebook.com\/DesafioOnlineOficial\/\">Devocional de hoy<\/a><\/h2>\t\t<\/div>\n\t\t\t\t<\/div>\n\t\t\t\t<div class=\"elementor-element elementor-element-4458320 elementor-widget elementor-widget-heading\" data-id=\"4458320\" data-element_type=\"widget\" data-widget_type=\"heading.default\">\n\t\t\t\t<div class=\"elementor-widget-container\">\n\t\t\t<h2 class=\"elementor-heading-title elementor-size-default\">El Valor De La Oraci\u00f3n | Desafio Medios | A solas con Jes\u00fas | 23 de Febrero\n<\/h2>\t\t<\/div>\n\t\t\t\t<\/div>\n\t\t\t\t<div class=\"elementor-element elementor-element-cd613bd elementor-widget elementor-widget-video\" data-id=\"cd613bd\" data-element_type=\"widget\" data-settings=\"{&quot;youtube_url&quot;:&quot;https:\\\/\\\/www.youtube.com\\\/watch?v=ttiY_H6OfSI&quot;,&quot;autoplay&quot;:&quot;yes&quot;,&quot;play_on_mobile&quot;:&quot;yes&quot;,&quot;loop&quot;:&quot;yes&quot;,&quot;video_type&quot;:&quot;youtube&quot;,&quot;controls&quot;:&quot;yes&quot;}\" data-widget_type=\"video.default\">\n\t\t\t\t<div class=\"elementor-widget-container\">\n\t\t\t<style>\/*! elementor - v3.19.0 - 29-01-2024 *\/\n.elementor-widget-video .elementor-widget-container{overflow:hidden;transform:translateZ(0)}.elementor-widget-video .elementor-wrapper{aspect-ratio:var(--video-aspect-ratio)}.elementor-widget-video .elementor-wrapper iframe,.elementor-widget-video .elementor-wrapper video{height:100%;width:100%;display:flex;border:none;background-color:#000}@supports not (aspect-ratio:1\/1){.elementor-widget-video .elementor-wrapper{position:relative;overflow:hidden;height:0;padding-bottom:calc(100% \/ var(--video-aspect-ratio))}.elementor-widget-video .elementor-wrapper iframe,.elementor-widget-video .elementor-wrapper video{position:absolute;top:0;right:0;bottom:0;left:0}}.elementor-widget-video .elementor-open-inline .elementor-custom-embed-image-overlay{position:absolute;top:0;right:0;bottom:0;left:0;background-size:cover;background-position:50%}.elementor-widget-video .elementor-custom-embed-image-overlay{cursor:pointer;text-align:center}.elementor-widget-video .elementor-custom-embed-image-overlay:hover .elementor-custom-embed-play i{opacity:1}.elementor-widget-video .elementor-custom-embed-image-overlay img{display:block;width:100%;aspect-ratio:var(--video-aspect-ratio);-o-object-fit:cover;object-fit:cover;-o-object-position:center center;object-position:center center}@supports not (aspect-ratio:1\/1){.elementor-widget-video .elementor-custom-embed-image-overlay{position:relative;overflow:hidden;height:0;padding-bottom:calc(100% \/ var(--video-aspect-ratio))}.elementor-widget-video .elementor-custom-embed-image-overlay img{position:absolute;top:0;right:0;bottom:0;left:0}}.elementor-widget-video .e-hosted-video .elementor-video{-o-object-fit:cover;object-fit:cover}.e-con-inner>.elementor-widget-video,.e-con>.elementor-widget-video{width:var(--container-widget-width);--flex-grow:var(--container-widget-flex-grow)}<\/style>\t\t<div class=\"elementor-wrapper elementor-open-inline\">\n\t\t\t<div class=\"elementor-video\"><\/div>\t\t<\/div>\n\t\t\t\t<\/div>\n\t\t\t\t<\/div>\n\t\t\t\t<div class=\"elementor-element elementor-element-9f34f22 elementor-widget-divider--view-line elementor-widget elementor-widget-divider\" data-id=\"9f34f22\" data-element_type=\"widget\" data-widget_type=\"divider.default\">\n\t\t\t\t<div class=\"elementor-widget-container\">\n\t\t\t<style>\/*! elementor - v3.19.0 - 29-01-2024 *\/\n.elementor-widget-divider{--divider-border-style:none;--divider-border-width:1px;--divider-color:#0c0d0e;--divider-icon-size:20px;--divider-element-spacing:10px;--divider-pattern-height:24px;--divider-pattern-size:20px;--divider-pattern-url:none;--divider-pattern-repeat:repeat-x}.elementor-widget-divider .elementor-divider{display:flex}.elementor-widget-divider .elementor-divider__text{font-size:15px;line-height:1;max-width:95%}.elementor-widget-divider .elementor-divider__element{margin:0 var(--divider-element-spacing);flex-shrink:0}.elementor-widget-divider .elementor-icon{font-size:var(--divider-icon-size)}.elementor-widget-divider .elementor-divider-separator{display:flex;margin:0;direction:ltr}.elementor-widget-divider--view-line_icon .elementor-divider-separator,.elementor-widget-divider--view-line_text .elementor-divider-separator{align-items:center}.elementor-widget-divider--view-line_icon .elementor-divider-separator:after,.elementor-widget-divider--view-line_icon .elementor-divider-separator:before,.elementor-widget-divider--view-line_text .elementor-divider-separator:after,.elementor-widget-divider--view-line_text .elementor-divider-separator:before{display:block;content:\"\";border-block-end:0;flex-grow:1;border-block-start:var(--divider-border-width) var(--divider-border-style) var(--divider-color)}.elementor-widget-divider--element-align-left .elementor-divider .elementor-divider-separator>.elementor-divider__svg:first-of-type{flex-grow:0;flex-shrink:100}.elementor-widget-divider--element-align-left .elementor-divider-separator:before{content:none}.elementor-widget-divider--element-align-left .elementor-divider__element{margin-left:0}.elementor-widget-divider--element-align-right .elementor-divider .elementor-divider-separator>.elementor-divider__svg:last-of-type{flex-grow:0;flex-shrink:100}.elementor-widget-divider--element-align-right .elementor-divider-separator:after{content:none}.elementor-widget-divider--element-align-right .elementor-divider__element{margin-right:0}.elementor-widget-divider--element-align-start .elementor-divider .elementor-divider-separator>.elementor-divider__svg:first-of-type{flex-grow:0;flex-shrink:100}.elementor-widget-divider--element-align-start .elementor-divider-separator:before{content:none}.elementor-widget-divider--element-align-start .elementor-divider__element{margin-inline-start:0}.elementor-widget-divider--element-align-end .elementor-divider .elementor-divider-separator>.elementor-divider__svg:last-of-type{flex-grow:0;flex-shrink:100}.elementor-widget-divider--element-align-end .elementor-divider-separator:after{content:none}.elementor-widget-divider--element-align-end .elementor-divider__element{margin-inline-end:0}.elementor-widget-divider:not(.elementor-widget-divider--view-line_text):not(.elementor-widget-divider--view-line_icon) .elementor-divider-separator{border-block-start:var(--divider-border-width) var(--divider-border-style) var(--divider-color)}.elementor-widget-divider--separator-type-pattern{--divider-border-style:none}.elementor-widget-divider--separator-type-pattern.elementor-widget-divider--view-line .elementor-divider-separator,.elementor-widget-divider--separator-type-pattern:not(.elementor-widget-divider--view-line) .elementor-divider-separator:after,.elementor-widget-divider--separator-type-pattern:not(.elementor-widget-divider--view-line) .elementor-divider-separator:before,.elementor-widget-divider--separator-type-pattern:not([class*=elementor-widget-divider--view]) .elementor-divider-separator{width:100%;min-height:var(--divider-pattern-height);-webkit-mask-size:var(--divider-pattern-size) 100%;mask-size:var(--divider-pattern-size) 100%;-webkit-mask-repeat:var(--divider-pattern-repeat);mask-repeat:var(--divider-pattern-repeat);background-color:var(--divider-color);-webkit-mask-image:var(--divider-pattern-url);mask-image:var(--divider-pattern-url)}.elementor-widget-divider--no-spacing{--divider-pattern-size:auto}.elementor-widget-divider--bg-round{--divider-pattern-repeat:round}.rtl .elementor-widget-divider .elementor-divider__text{direction:rtl}.e-con-inner>.elementor-widget-divider,.e-con>.elementor-widget-divider{width:var(--container-widget-width,100%);--flex-grow:var(--container-widget-flex-grow)}<\/style>\t\t<div class=\"elementor-divider\">\n\t\t\t<span class=\"elementor-divider-separator\">\n\t\t\t\t\t\t<\/span>\n\t\t<\/div>\n\t\t\t\t<\/div>\n\t\t\t\t<\/div>\n\t\t\t\t<div class=\"elementor-element elementor-element-842989a elementor-widget elementor-widget-text-editor\" data-id=\"842989a\" data-element_type=\"widget\" data-widget_type=\"text-editor.default\">\n\t\t\t\t<div class=\"elementor-widget-container\">\n\t\t\t<style>\/*! elementor - v3.19.0 - 29-01-2024 *\/\n.elementor-widget-text-editor.elementor-drop-cap-view-stacked .elementor-drop-cap{background-color:#69727d;color:#fff}.elementor-widget-text-editor.elementor-drop-cap-view-framed .elementor-drop-cap{color:#69727d;border:3px solid;background-color:transparent}.elementor-widget-text-editor:not(.elementor-drop-cap-view-default) .elementor-drop-cap{margin-top:8px}.elementor-widget-text-editor:not(.elementor-drop-cap-view-default) .elementor-drop-cap-letter{width:1em;height:1em}.elementor-widget-text-editor .elementor-drop-cap{float:left;text-align:center;line-height:1;font-size:50px}.elementor-widget-text-editor .elementor-drop-cap-letter{display:inline-block}<\/style>\t\t\t\t<p>\u00a1Bienvenidos a todos los oyentes de Desaf\u00edo Medios! Hoy quiero tomarme un momento para hablarles sobre un programa muy especial que se transmite en nuestra emisora todas las ma\u00f1anas a las 7:30 am: &#8220;A Solas con Jes\u00fas&#8221;, con la predicadora Rosy Fave.<\/p><p>&#8220;A Solas con Jes\u00fas&#8221; es un espacio \u00fanico donde nos sumergimos en la espiritualidad y la reflexi\u00f3n, guiados por las ense\u00f1anzas de Jesucristo. Durante este programa, Rosy Fave comparte mensajes inspiradores, nos gu\u00eda en la oraci\u00f3n y ofrece un espacio para que las personas compartan sus peticiones y preocupaciones.<\/p><p>Una de las cosas m\u00e1s hermosas de este programa es que no solo nos quedamos en la palabra, sino que tambi\u00e9n brindamos un seguimiento personalizado a aquellos que lo necesiten en su proceso espiritual. Nos preocupamos por cada individuo que se conecta con nosotros y estamos comprometidos a apoyarlos en su camino de fe.<\/p><p>Adem\u00e1s, quiero invitar a todos ustedes a que se conecten a nuestra transmisi\u00f3n en vivo. &#8220;A Solas con Jes\u00fas&#8221; no solo se escucha en la radio, sino que tambi\u00e9n se transmite en directo a trav\u00e9s de Facebook y YouTube. Esto significa que cualquiera puede unirse a nuestra comunidad, sin importar d\u00f3nde se encuentren.<\/p><p>As\u00ed que los animo a que sintonicen nuestro programa todas las ma\u00f1anas de lunes a viernes. Permitan que las ense\u00f1anzas de Jesucristo llenen sus corazones y les gu\u00eden en su jornada diaria. Y si desean participar activamente, \u00a1no duden en compartir sus peticiones y testimonios con nosotros!<\/p><p>En Desaf\u00edo Medios, estamos comprometidos a llevar esperanza, amor y fe a trav\u00e9s de nuestras ondas y plataformas digitales. \u00a1\u00dananse a nosotros en &#8220;A Solas con Jes\u00fas&#8221; y juntos fortalezcamos nuestra conexi\u00f3n espiritual!<\/p>\t\t\t\t\t\t<\/div>\n\t\t\t\t<\/div>\n\t\t\t\t<div class=\"elementor-element elementor-element-1ddb8a0 elementor-widget elementor-widget-heading\" data-id=\"1ddb8a0\" data-element_type=\"widget\" data-widget_type=\"heading.default\">\n\t\t\t\t<div class=\"elementor-widget-container\">\n\t\t\t<h2 class=\"elementor-heading-title elementor-size-default\">Puedes encontrar todos nuestros devocionales aqui<\/h2>\t\t<\/div>\n\t\t\t\t<\/div>\n\t\t\t\t<div class=\"elementor-element elementor-element-cfa7463 elementor-widget elementor-widget-image\" data-id=\"cfa7463\" data-element_type=\"widget\" data-widget_type=\"image.default\">\n\t\t\t\t<div class=\"elementor-widget-container\">\n\t\t\t<style>\/*! elementor - v3.19.0 - 29-01-2024 *\/\n.elementor-widget-image{text-align:center}.elementor-widget-image a{display:inline-block}.elementor-widget-image a img[src$=\".svg\"]{width:48px}.elementor-widget-image img{vertical-align:middle;display:inline-block}<\/style>\t\t\t\t\t\t\t\t\t\t\t<a href=\"https:\/\/www.facebook.com\/watch\/101647229183096\/325972346182470\">\n\t\t\t\t\t\t\t<img fetchpriority=\"high\" decoding=\"async\" width=\"2560\" height=\"602\" src=\"https:\/\/desafiomedios.com\/wp-content\/uploads\/2024\/02\/portadas-programas-09-scaled.jpg\" class=\"attachment-full size-full wp-image-1817\" alt=\"\" srcset=\"https:\/\/desafiomedios.com\/wp-content\/uploads\/2024\/02\/portadas-programas-09-scaled.jpg 2560w, https:\/\/desafiomedios.com\/wp-content\/uploads\/2024\/02\/portadas-programas-09-300x71.jpg 300w, https:\/\/desafiomedios.com\/wp-content\/uploads\/2024\/02\/portadas-programas-09-1024x241.jpg 1024w, https:\/\/desafiomedios.com\/wp-content\/uploads\/2024\/02\/portadas-programas-09-768x180.jpg 768w, https:\/\/desafiomedios.com\/wp-content\/uploads\/2024\/02\/portadas-programas-09-1536x361.jpg 1536w, https:\/\/desafiomedios.com\/wp-content\/uploads\/2024\/02\/portadas-programas-09-2048x481.jpg 2048w\" sizes=\"(max-width: 2560px) 100vw, 2560px\" \/>\t\t\t\t\t\t\t\t<\/a>\n\t\t\t\t\t\t\t\t\t\t\t\t\t<\/div>\n\t\t\t\t<\/div>\n\t\t\t\t<div class=\"elementor-element elementor-element-c23ea5e elementor-widget-divider--view-line elementor-widget elementor-widget-divider\" data-id=\"c23ea5e\" data-element_type=\"widget\" data-widget_type=\"divider.default\">\n\t\t\t\t<div class=\"elementor-widget-container\">\n\t\t\t\t\t<div class=\"elementor-divider\">\n\t\t\t<span class=\"elementor-divider-separator\">\n\t\t\t\t\t\t<\/span>\n\t\t<\/div>\n\t\t\t\t<\/div>\n\t\t\t\t<\/div>\n\t\t\t\t<div class=\"elementor-element elementor-element-6ae5fed elementor-widget elementor-widget-heading\" data-id=\"6ae5fed\" data-element_type=\"widget\" data-widget_type=\"heading.default\">\n\t\t\t\t<div class=\"elementor-widget-container\">\n\t\t\t<h2 class=\"elementor-heading-title elementor-size-default\">Aqu\u00ed hay algunas razones por las que es importante tener un tiempo a solas con Jes\u00fas<\/h2>\t\t<\/div>\n\t\t\t\t<\/div>\n\t\t\t\t\t<\/div>\n\t\t\t\t<\/div>\n\t\t<div class=\"elementor-element elementor-element-7fa65f4 e-flex e-con-boxed e-con e-parent\" data-id=\"7fa65f4\" data-element_type=\"container\" data-settings=\"{&quot;content_width&quot;:&quot;boxed&quot;}\" data-core-v316-plus=\"true\">\n\t\t\t\t\t<div class=\"e-con-inner\">\n\t\t\t\t<div class=\"elementor-element elementor-element-5c26005 elementor-widget elementor-widget-text-editor\" data-id=\"5c26005\" data-element_type=\"widget\" data-widget_type=\"text-editor.default\">\n\t\t\t\t<div class=\"elementor-widget-container\">\n\t\t\t\t\t\t\t<ol><li><p><strong>Intimidad con Dios<\/strong>: Pasar tiempo a solas con Jes\u00fas nos brinda la oportunidad de cultivar una relaci\u00f3n \u00edntima con nuestro Creador. Es un momento para hablar con \u00e9l en oraci\u00f3n, escuchar su voz a trav\u00e9s de la lectura de la Biblia y simplemente estar en su presencia.<\/p><\/li><li><p><strong>Fortalecimiento espiritual<\/strong>: El devocional nos permite nutrir nuestro esp\u00edritu y fortalecer nuestra fe. Al sumergirnos en las Escrituras y meditar en ellas, encontramos inspiraci\u00f3n, consuelo y direcci\u00f3n para nuestras vidas.<\/p><\/li><li><p><strong>Renovaci\u00f3n y refresco<\/strong>: En medio de las tensiones y preocupaciones de la vida cotidiana, un devocional a solas con Jes\u00fas puede servir como un oasis de paz y renovaci\u00f3n. Nos permite dejar de lado nuestras cargas y encontrar descanso en la presencia de Dios.<\/p><\/li><li><p><strong>Gu\u00eda y direcci\u00f3n<\/strong>: Al buscar la sabidur\u00eda y la orientaci\u00f3n de Dios en nuestro devocional, podemos encontrar claridad en medio de la confusi\u00f3n. Jes\u00fas prometi\u00f3 estar con nosotros siempre, y este tiempo a solas con \u00e9l nos ayuda a discernir su voluntad para nuestras vidas.<\/p><\/li><li><p><strong>Transformaci\u00f3n personal<\/strong>: A medida que nos entregamos a Jes\u00fas en nuestro devocional, experimentamos transformaci\u00f3n en nuestras vidas. El Esp\u00edritu Santo obra en nosotros, moldeando nuestro car\u00e1cter a la imagen de Cristo y capacit\u00e1ndonos para vivir de acuerdo con sus ense\u00f1anzas.<\/p><\/li><\/ol>\t\t\t\t\t\t<\/div>\n\t\t\t\t<\/div>\n\t\t\t\t\t<\/div>\n\t\t\t\t<\/div>\n\t\t\t\t<\/div>\n\t\t","protected":false},"excerpt":{"rendered":"<p>A Solas con Jes\u00fas con Rosy Fave &#8211; Descubre el Poder Transformador: Por Qu\u00e9 Necesitas Tu Tiempo a Solas con Jes\u00fas\u00a0 Devocional de hoy El Valor De La Oraci\u00f3n | Desafio Medios | A solas con Jes\u00fas | 23 de Febrero \u00a1Bienvenidos a todos los oyentes de Desaf\u00edo Medios! Hoy quiero tomarme un momento para [&hellip;]<\/p>\n","protected":false},"author":1,"featured_media":0,"parent":0,"menu_order":0,"comment_status":"closed","ping_status":"closed","template":"","meta":{"_monsterinsights_skip_tracking":false,"_monsterinsights_sitenote_active":false,"_monsterinsights_sitenote_note":"","_monsterinsights_sitenote_category":0,"footnotes":""},"aioseo_notices":[],"_links":{"self":[{"href":"https:\/\/desafiomedios.com\/index.php?rest_route=\/wp\/v2\/pages\/1845"}],"collection":[{"href":"https:\/\/desafiomedios.com\/index.php?rest_route=\/wp\/v2\/pages"}],"about":[{"href":"https:\/\/desafiomedios.com\/index.php?rest_route=\/wp\/v2\/types\/page"}],"author":[{"embeddable":true,"href":"https:\/\/desafiomedios.com\/index.php?rest_route=\/wp\/v2\/users\/1"}],"replies":[{"embeddable":true,"href":"https:\/\/desafiomedios.com\/index.php?rest_route=%2Fwp%2Fv2%2Fcomments&post=1845"}],"version-history":[{"count":67,"href":"https:\/\/desafiomedios.com\/index.php?rest_route=\/wp\/v2\/pages\/1845\/revisions"}],"predecessor-version":[{"id":1917,"href":"https:\/\/desafiomedios.com\/index.php?rest_route=\/wp\/v2\/pages\/1845\/revisions\/1917"}],"wp:attachment":[{"href":"https:\/\/desafiomedios.com\/index.php?rest_route=%2Fwp%2Fv2%2Fmedia&parent=1845"}],"curies":[{"name":"wp","href":"https:\/\/api.w.org\/{rel}","templated":true}]}}