{"id":1939,"date":"2024-02-26T17:15:08","date_gmt":"2024-02-26T16:15:08","guid":{"rendered":"https:\/\/desafiomedios.com\/?page_id=1939"},"modified":"2024-02-26T19:01:25","modified_gmt":"2024-02-26T18:01:25","slug":"programas","status":"publish","type":"page","link":"https:\/\/desafiomedios.com\/?page_id=1939","title":{"rendered":"Programas"},"content":{"rendered":"\t\t<div data-elementor-type=\"wp-page\" data-elementor-id=\"1939\" class=\"elementor elementor-1939\">\n\t\t\t\t<div class=\"elementor-element elementor-element-44f52c4 e-flex e-con-boxed e-con e-parent\" data-id=\"44f52c4\" data-element_type=\"container\" data-settings=\"{&quot;content_width&quot;:&quot;boxed&quot;}\" data-core-v316-plus=\"true\">\n\t\t\t\t\t<div class=\"e-con-inner\">\n\t\t\t\t<div class=\"elementor-element elementor-element-de6620a elementor-widget elementor-widget-heading\" data-id=\"de6620a\" data-element_type=\"widget\" data-widget_type=\"heading.default\">\n\t\t\t\t<div class=\"elementor-widget-container\">\n\t\t\t<style>\/*! elementor - v3.19.0 - 29-01-2024 *\/\n.elementor-heading-title{padding:0;margin:0;line-height:1}.elementor-widget-heading .elementor-heading-title[class*=elementor-size-]>a{color:inherit;font-size:inherit;line-height:inherit}.elementor-widget-heading .elementor-heading-title.elementor-size-small{font-size:15px}.elementor-widget-heading .elementor-heading-title.elementor-size-medium{font-size:19px}.elementor-widget-heading .elementor-heading-title.elementor-size-large{font-size:29px}.elementor-widget-heading .elementor-heading-title.elementor-size-xl{font-size:39px}.elementor-widget-heading .elementor-heading-title.elementor-size-xxl{font-size:59px}<\/style><h2 class=\"elementor-heading-title elementor-size-default\"><a href=\"https:\/\/desafiomedios.com\/?page_id=1845\">A solas con Jes\u00fas<\/a><\/h2>\t\t<\/div>\n\t\t\t\t<\/div>\n\t\t\t\t\t<\/div>\n\t\t\t\t<\/div>\n\t\t<div class=\"elementor-element elementor-element-472a7d4 e-flex e-con-boxed e-con e-parent\" data-id=\"472a7d4\" data-element_type=\"container\" data-settings=\"{&quot;content_width&quot;:&quot;boxed&quot;}\" data-core-v316-plus=\"true\">\n\t\t\t\t\t<div class=\"e-con-inner\">\n\t\t\t\t<div class=\"elementor-element elementor-element-b19f7f7 elementor-widget elementor-widget-image\" data-id=\"b19f7f7\" data-element_type=\"widget\" data-widget_type=\"image.default\">\n\t\t\t\t<div class=\"elementor-widget-container\">\n\t\t\t<style>\/*! elementor - v3.19.0 - 29-01-2024 *\/\n.elementor-widget-image{text-align:center}.elementor-widget-image a{display:inline-block}.elementor-widget-image a img[src$=\".svg\"]{width:48px}.elementor-widget-image img{vertical-align:middle;display:inline-block}<\/style>\t\t\t\t\t\t\t<figure class=\"wp-caption\">\n\t\t\t\t\t\t\t\t\t\t\t<a href=\"https:\/\/desafiomedios.com\/?page_id=1845\">\n\t\t\t\t\t\t\t<img fetchpriority=\"high\" decoding=\"async\" width=\"640\" height=\"360\" src=\"https:\/\/desafiomedios.com\/wp-content\/uploads\/2024\/02\/PORTADAS-DE-PROGRAMAS_Mesa-de-trabajo-1-768x432.jpg\" class=\"attachment-medium_large size-medium_large wp-image-1633\" alt=\"\" srcset=\"https:\/\/desafiomedios.com\/wp-content\/uploads\/2024\/02\/PORTADAS-DE-PROGRAMAS_Mesa-de-trabajo-1-768x432.jpg 768w, https:\/\/desafiomedios.com\/wp-content\/uploads\/2024\/02\/PORTADAS-DE-PROGRAMAS_Mesa-de-trabajo-1-300x169.jpg 300w, https:\/\/desafiomedios.com\/wp-content\/uploads\/2024\/02\/PORTADAS-DE-PROGRAMAS_Mesa-de-trabajo-1-1024x576.jpg 1024w, https:\/\/desafiomedios.com\/wp-content\/uploads\/2024\/02\/PORTADAS-DE-PROGRAMAS_Mesa-de-trabajo-1-1536x864.jpg 1536w, https:\/\/desafiomedios.com\/wp-content\/uploads\/2024\/02\/PORTADAS-DE-PROGRAMAS_Mesa-de-trabajo-1-2048x1152.jpg 2048w\" sizes=\"(max-width: 640px) 100vw, 640px\" \/>\t\t\t\t\t\t\t\t<\/a>\n\t\t\t\t\t\t\t\t\t\t\t<figcaption class=\"widget-image-caption wp-caption-text\">Descubre el Poder Transformador: Por Qu\u00e9 Necesitas Tu Tiempo a Solas con Jes\u00fas<\/figcaption>\n\t\t\t\t\t\t\t\t\t\t<\/figure>\n\t\t\t\t\t\t\t<\/div>\n\t\t\t\t<\/div>\n\t\t\t\t<div class=\"elementor-element elementor-element-5ef29b5 elementor-widget-divider--view-line elementor-widget elementor-widget-divider\" data-id=\"5ef29b5\" data-element_type=\"widget\" data-widget_type=\"divider.default\">\n\t\t\t\t<div class=\"elementor-widget-container\">\n\t\t\t<style>\/*! elementor - v3.19.0 - 29-01-2024 *\/\n.elementor-widget-divider{--divider-border-style:none;--divider-border-width:1px;--divider-color:#0c0d0e;--divider-icon-size:20px;--divider-element-spacing:10px;--divider-pattern-height:24px;--divider-pattern-size:20px;--divider-pattern-url:none;--divider-pattern-repeat:repeat-x}.elementor-widget-divider .elementor-divider{display:flex}.elementor-widget-divider .elementor-divider__text{font-size:15px;line-height:1;max-width:95%}.elementor-widget-divider .elementor-divider__element{margin:0 var(--divider-element-spacing);flex-shrink:0}.elementor-widget-divider .elementor-icon{font-size:var(--divider-icon-size)}.elementor-widget-divider .elementor-divider-separator{display:flex;margin:0;direction:ltr}.elementor-widget-divider--view-line_icon .elementor-divider-separator,.elementor-widget-divider--view-line_text .elementor-divider-separator{align-items:center}.elementor-widget-divider--view-line_icon .elementor-divider-separator:after,.elementor-widget-divider--view-line_icon .elementor-divider-separator:before,.elementor-widget-divider--view-line_text .elementor-divider-separator:after,.elementor-widget-divider--view-line_text .elementor-divider-separator:before{display:block;content:\"\";border-block-end:0;flex-grow:1;border-block-start:var(--divider-border-width) var(--divider-border-style) var(--divider-color)}.elementor-widget-divider--element-align-left .elementor-divider .elementor-divider-separator>.elementor-divider__svg:first-of-type{flex-grow:0;flex-shrink:100}.elementor-widget-divider--element-align-left .elementor-divider-separator:before{content:none}.elementor-widget-divider--element-align-left .elementor-divider__element{margin-left:0}.elementor-widget-divider--element-align-right .elementor-divider .elementor-divider-separator>.elementor-divider__svg:last-of-type{flex-grow:0;flex-shrink:100}.elementor-widget-divider--element-align-right .elementor-divider-separator:after{content:none}.elementor-widget-divider--element-align-right .elementor-divider__element{margin-right:0}.elementor-widget-divider--element-align-start .elementor-divider .elementor-divider-separator>.elementor-divider__svg:first-of-type{flex-grow:0;flex-shrink:100}.elementor-widget-divider--element-align-start .elementor-divider-separator:before{content:none}.elementor-widget-divider--element-align-start .elementor-divider__element{margin-inline-start:0}.elementor-widget-divider--element-align-end .elementor-divider .elementor-divider-separator>.elementor-divider__svg:last-of-type{flex-grow:0;flex-shrink:100}.elementor-widget-divider--element-align-end .elementor-divider-separator:after{content:none}.elementor-widget-divider--element-align-end .elementor-divider__element{margin-inline-end:0}.elementor-widget-divider:not(.elementor-widget-divider--view-line_text):not(.elementor-widget-divider--view-line_icon) .elementor-divider-separator{border-block-start:var(--divider-border-width) var(--divider-border-style) var(--divider-color)}.elementor-widget-divider--separator-type-pattern{--divider-border-style:none}.elementor-widget-divider--separator-type-pattern.elementor-widget-divider--view-line .elementor-divider-separator,.elementor-widget-divider--separator-type-pattern:not(.elementor-widget-divider--view-line) .elementor-divider-separator:after,.elementor-widget-divider--separator-type-pattern:not(.elementor-widget-divider--view-line) .elementor-divider-separator:before,.elementor-widget-divider--separator-type-pattern:not([class*=elementor-widget-divider--view]) .elementor-divider-separator{width:100%;min-height:var(--divider-pattern-height);-webkit-mask-size:var(--divider-pattern-size) 100%;mask-size:var(--divider-pattern-size) 100%;-webkit-mask-repeat:var(--divider-pattern-repeat);mask-repeat:var(--divider-pattern-repeat);background-color:var(--divider-color);-webkit-mask-image:var(--divider-pattern-url);mask-image:var(--divider-pattern-url)}.elementor-widget-divider--no-spacing{--divider-pattern-size:auto}.elementor-widget-divider--bg-round{--divider-pattern-repeat:round}.rtl .elementor-widget-divider .elementor-divider__text{direction:rtl}.e-con-inner>.elementor-widget-divider,.e-con>.elementor-widget-divider{width:var(--container-widget-width,100%);--flex-grow:var(--container-widget-flex-grow)}<\/style>\t\t<div class=\"elementor-divider\">\n\t\t\t<span class=\"elementor-divider-separator\">\n\t\t\t\t\t\t<\/span>\n\t\t<\/div>\n\t\t\t\t<\/div>\n\t\t\t\t<\/div>\n\t\t\t\t\t<\/div>\n\t\t\t\t<\/div>\n\t\t<div class=\"elementor-element elementor-element-0419541 e-flex e-con-boxed e-con e-parent\" data-id=\"0419541\" data-element_type=\"container\" data-settings=\"{&quot;content_width&quot;:&quot;boxed&quot;}\" data-core-v316-plus=\"true\">\n\t\t\t\t\t<div class=\"e-con-inner\">\n\t\t\t\t<div class=\"elementor-element elementor-element-7bdffe5 elementor-widget elementor-widget-heading\" data-id=\"7bdffe5\" data-element_type=\"widget\" data-widget_type=\"heading.default\">\n\t\t\t\t<div class=\"elementor-widget-container\">\n\t\t\t<h2 class=\"elementor-heading-title elementor-size-default\"><a href=\"https:\/\/desafiomedios.com\/?page_id=1963\">EXPRESO ONLINE<\/a><\/h2>\t\t<\/div>\n\t\t\t\t<\/div>\n\t\t\t\t<div class=\"elementor-element elementor-element-c508fd0 elementor-widget elementor-widget-image\" data-id=\"c508fd0\" data-element_type=\"widget\" data-widget_type=\"image.default\">\n\t\t\t\t<div class=\"elementor-widget-container\">\n\t\t\t\t\t\t\t\t\t\t<figure class=\"wp-caption\">\n\t\t\t\t\t\t\t\t\t\t\t<a href=\"https:\/\/desafiomedios.com\/?page_id=1963\">\n\t\t\t\t\t\t\t<img decoding=\"async\" width=\"640\" height=\"360\" src=\"https:\/\/desafiomedios.com\/wp-content\/uploads\/2024\/02\/PORTADAS-DE-PROGRAMAS-03-768x432.jpg\" class=\"attachment-medium_large size-medium_large wp-image-1636\" alt=\"\" srcset=\"https:\/\/desafiomedios.com\/wp-content\/uploads\/2024\/02\/PORTADAS-DE-PROGRAMAS-03-768x432.jpg 768w, https:\/\/desafiomedios.com\/wp-content\/uploads\/2024\/02\/PORTADAS-DE-PROGRAMAS-03-300x169.jpg 300w, https:\/\/desafiomedios.com\/wp-content\/uploads\/2024\/02\/PORTADAS-DE-PROGRAMAS-03-1024x576.jpg 1024w, https:\/\/desafiomedios.com\/wp-content\/uploads\/2024\/02\/PORTADAS-DE-PROGRAMAS-03-1536x864.jpg 1536w, https:\/\/desafiomedios.com\/wp-content\/uploads\/2024\/02\/PORTADAS-DE-PROGRAMAS-03-2048x1152.jpg 2048w\" sizes=\"(max-width: 640px) 100vw, 640px\" \/>\t\t\t\t\t\t\t\t<\/a>\n\t\t\t\t\t\t\t\t\t\t\t<figcaption class=\"widget-image-caption wp-caption-text\">\u00a1Noticias al Instante: Mantente Informado en Vivo!<\/figcaption>\n\t\t\t\t\t\t\t\t\t\t<\/figure>\n\t\t\t\t\t\t\t<\/div>\n\t\t\t\t<\/div>\n\t\t\t\t<div class=\"elementor-element elementor-element-ca2ac17 elementor-widget-divider--view-line elementor-widget elementor-widget-divider\" data-id=\"ca2ac17\" data-element_type=\"widget\" data-widget_type=\"divider.default\">\n\t\t\t\t<div class=\"elementor-widget-container\">\n\t\t\t\t\t<div class=\"elementor-divider\">\n\t\t\t<span class=\"elementor-divider-separator\">\n\t\t\t\t\t\t<\/span>\n\t\t<\/div>\n\t\t\t\t<\/div>\n\t\t\t\t<\/div>\n\t\t\t\t\t<\/div>\n\t\t\t\t<\/div>\n\t\t<div class=\"elementor-element elementor-element-9fa014b e-flex e-con-boxed e-con e-parent\" data-id=\"9fa014b\" data-element_type=\"container\" data-settings=\"{&quot;content_width&quot;:&quot;boxed&quot;}\" data-core-v316-plus=\"true\">\n\t\t\t\t\t<div class=\"e-con-inner\">\n\t\t\t\t<div class=\"elementor-element elementor-element-0f602f6 elementor-widget elementor-widget-heading\" data-id=\"0f602f6\" data-element_type=\"widget\" data-widget_type=\"heading.default\">\n\t\t\t\t<div class=\"elementor-widget-container\">\n\t\t\t<h2 class=\"elementor-heading-title elementor-size-default\"><a href=\"https:\/\/desafiomedios.com\/?page_id=1995&#038;preview_id=1995&#038;preview_nonce=fa99e7e1a6&#038;preview=true\">La Iglesia Habla<\/a><\/h2>\t\t<\/div>\n\t\t\t\t<\/div>\n\t\t\t\t<div class=\"elementor-element elementor-element-404043a elementor-widget elementor-widget-image\" data-id=\"404043a\" data-element_type=\"widget\" data-widget_type=\"image.default\">\n\t\t\t\t<div class=\"elementor-widget-container\">\n\t\t\t\t\t\t\t\t\t\t<figure class=\"wp-caption\">\n\t\t\t\t\t\t\t\t\t\t\t<a href=\"https:\/\/desafiomedios.com\/?page_id=1995&#038;preview_id=1995&#038;preview_nonce=fa99e7e1a6&#038;preview=true\">\n\t\t\t\t\t\t\t<img decoding=\"async\" width=\"640\" height=\"360\" src=\"https:\/\/desafiomedios.com\/wp-content\/uploads\/2024\/02\/PORTADAS-DE-PROGRAMAS_Mesa-de-trabajo-1-copia-768x432.jpg\" class=\"attachment-medium_large size-medium_large wp-image-1639\" alt=\"\" srcset=\"https:\/\/desafiomedios.com\/wp-content\/uploads\/2024\/02\/PORTADAS-DE-PROGRAMAS_Mesa-de-trabajo-1-copia-768x432.jpg 768w, https:\/\/desafiomedios.com\/wp-content\/uploads\/2024\/02\/PORTADAS-DE-PROGRAMAS_Mesa-de-trabajo-1-copia-300x169.jpg 300w, https:\/\/desafiomedios.com\/wp-content\/uploads\/2024\/02\/PORTADAS-DE-PROGRAMAS_Mesa-de-trabajo-1-copia-1024x576.jpg 1024w, https:\/\/desafiomedios.com\/wp-content\/uploads\/2024\/02\/PORTADAS-DE-PROGRAMAS_Mesa-de-trabajo-1-copia-1536x864.jpg 1536w, https:\/\/desafiomedios.com\/wp-content\/uploads\/2024\/02\/PORTADAS-DE-PROGRAMAS_Mesa-de-trabajo-1-copia-2048x1152.jpg 2048w\" sizes=\"(max-width: 640px) 100vw, 640px\" \/>\t\t\t\t\t\t\t\t<\/a>\n\t\t\t\t\t\t\t\t\t\t\t<figcaption class=\"widget-image-caption wp-caption-text\">Iglesia en Directo: \u00a1Habla tu Fe y Conecta con la Comunidad!<\/figcaption>\n\t\t\t\t\t\t\t\t\t\t<\/figure>\n\t\t\t\t\t\t\t<\/div>\n\t\t\t\t<\/div>\n\t\t\t\t<div class=\"elementor-element elementor-element-abeb6ef elementor-widget-divider--view-line elementor-widget elementor-widget-divider\" data-id=\"abeb6ef\" data-element_type=\"widget\" data-widget_type=\"divider.default\">\n\t\t\t\t<div class=\"elementor-widget-container\">\n\t\t\t\t\t<div class=\"elementor-divider\">\n\t\t\t<span class=\"elementor-divider-separator\">\n\t\t\t\t\t\t<\/span>\n\t\t<\/div>\n\t\t\t\t<\/div>\n\t\t\t\t<\/div>\n\t\t\t\t\t<\/div>\n\t\t\t\t<\/div>\n\t\t<div class=\"elementor-element elementor-element-3deb9fd e-flex e-con-boxed e-con e-parent\" data-id=\"3deb9fd\" data-element_type=\"container\" data-settings=\"{&quot;content_width&quot;:&quot;boxed&quot;}\" data-core-v316-plus=\"true\">\n\t\t\t\t\t<div class=\"e-con-inner\">\n\t\t\t\t<div class=\"elementor-element elementor-element-8aa67f9 elementor-widget elementor-widget-heading\" data-id=\"8aa67f9\" data-element_type=\"widget\" data-widget_type=\"heading.default\">\n\t\t\t\t<div class=\"elementor-widget-container\">\n\t\t\t<h2 class=\"elementor-heading-title elementor-size-default\"><a href=\"https:\/\/www.facebook.com\/DesafioOnlineOficial\/videos\">MUSIK & Y ALGO M\u00c1S<\/a><\/h2>\t\t<\/div>\n\t\t\t\t<\/div>\n\t\t\t\t<div class=\"elementor-element elementor-element-4ea15ff elementor-widget elementor-widget-image\" data-id=\"4ea15ff\" data-element_type=\"widget\" data-widget_type=\"image.default\">\n\t\t\t\t<div class=\"elementor-widget-container\">\n\t\t\t\t\t\t\t\t\t\t<figure class=\"wp-caption\">\n\t\t\t\t\t\t\t\t\t\t\t<a href=\"https:\/\/www.facebook.com\/DesafioOnlineOficial\/videos\">\n\t\t\t\t\t\t\t<img loading=\"lazy\" decoding=\"async\" width=\"640\" height=\"360\" src=\"https:\/\/desafiomedios.com\/wp-content\/uploads\/2024\/02\/PORTADAS-DE-PROGRAMAS_Mesa-de-trabajo-1-copia-4-768x432.jpg\" class=\"attachment-medium_large size-medium_large wp-image-1637\" alt=\"\" srcset=\"https:\/\/desafiomedios.com\/wp-content\/uploads\/2024\/02\/PORTADAS-DE-PROGRAMAS_Mesa-de-trabajo-1-copia-4-768x432.jpg 768w, https:\/\/desafiomedios.com\/wp-content\/uploads\/2024\/02\/PORTADAS-DE-PROGRAMAS_Mesa-de-trabajo-1-copia-4-300x169.jpg 300w, https:\/\/desafiomedios.com\/wp-content\/uploads\/2024\/02\/PORTADAS-DE-PROGRAMAS_Mesa-de-trabajo-1-copia-4-1024x576.jpg 1024w, https:\/\/desafiomedios.com\/wp-content\/uploads\/2024\/02\/PORTADAS-DE-PROGRAMAS_Mesa-de-trabajo-1-copia-4-1536x864.jpg 1536w, https:\/\/desafiomedios.com\/wp-content\/uploads\/2024\/02\/PORTADAS-DE-PROGRAMAS_Mesa-de-trabajo-1-copia-4-2048x1152.jpg 2048w\" sizes=\"(max-width: 640px) 100vw, 640px\" \/>\t\t\t\t\t\t\t\t<\/a>\n\t\t\t\t\t\t\t\t\t\t\t<figcaption class=\"widget-image-caption wp-caption-text\">\u00a1Vibra en Vivo! Disfruta de la Mejor M\u00fasica en Directo<\/figcaption>\n\t\t\t\t\t\t\t\t\t\t<\/figure>\n\t\t\t\t\t\t\t<\/div>\n\t\t\t\t<\/div>\n\t\t\t\t<div class=\"elementor-element elementor-element-23dc39c elementor-widget-divider--view-line elementor-widget elementor-widget-divider\" data-id=\"23dc39c\" data-element_type=\"widget\" data-widget_type=\"divider.default\">\n\t\t\t\t<div class=\"elementor-widget-container\">\n\t\t\t\t\t<div class=\"elementor-divider\">\n\t\t\t<span class=\"elementor-divider-separator\">\n\t\t\t\t\t\t<\/span>\n\t\t<\/div>\n\t\t\t\t<\/div>\n\t\t\t\t<\/div>\n\t\t\t\t\t<\/div>\n\t\t\t\t<\/div>\n\t\t<div class=\"elementor-element elementor-element-29e45ce e-flex e-con-boxed e-con e-parent\" data-id=\"29e45ce\" data-element_type=\"container\" data-settings=\"{&quot;content_width&quot;:&quot;boxed&quot;}\" data-core-v316-plus=\"true\">\n\t\t\t\t\t<div class=\"e-con-inner\">\n\t\t\t\t<div class=\"elementor-element elementor-element-d876c02 elementor-widget elementor-widget-heading\" data-id=\"d876c02\" data-element_type=\"widget\" data-widget_type=\"heading.default\">\n\t\t\t\t<div class=\"elementor-widget-container\">\n\t\t\t<h2 class=\"elementor-heading-title elementor-size-default\"><a href=\"https:\/\/www.facebook.com\/watch\/101647229183096\/393790166003104\">ESPECIALES DESAFIO<\/a><\/h2>\t\t<\/div>\n\t\t\t\t<\/div>\n\t\t\t\t<div class=\"elementor-element elementor-element-421bcf6 elementor-widget elementor-widget-image\" data-id=\"421bcf6\" data-element_type=\"widget\" data-widget_type=\"image.default\">\n\t\t\t\t<div class=\"elementor-widget-container\">\n\t\t\t\t\t\t\t\t\t\t<figure class=\"wp-caption\">\n\t\t\t\t\t\t\t\t\t\t\t<a href=\"https:\/\/www.facebook.com\/watch\/101647229183096\/393790166003104\">\n\t\t\t\t\t\t\t<img loading=\"lazy\" decoding=\"async\" width=\"640\" height=\"360\" src=\"https:\/\/desafiomedios.com\/wp-content\/uploads\/2024\/02\/PORTADAS-DE-PROGRAMAS_Mesa-de-trabajo-1-copia-5-768x432.jpg\" class=\"attachment-medium_large size-medium_large wp-image-1638\" alt=\"\" srcset=\"https:\/\/desafiomedios.com\/wp-content\/uploads\/2024\/02\/PORTADAS-DE-PROGRAMAS_Mesa-de-trabajo-1-copia-5-768x432.jpg 768w, https:\/\/desafiomedios.com\/wp-content\/uploads\/2024\/02\/PORTADAS-DE-PROGRAMAS_Mesa-de-trabajo-1-copia-5-300x169.jpg 300w, https:\/\/desafiomedios.com\/wp-content\/uploads\/2024\/02\/PORTADAS-DE-PROGRAMAS_Mesa-de-trabajo-1-copia-5-1024x576.jpg 1024w, https:\/\/desafiomedios.com\/wp-content\/uploads\/2024\/02\/PORTADAS-DE-PROGRAMAS_Mesa-de-trabajo-1-copia-5-1536x864.jpg 1536w, https:\/\/desafiomedios.com\/wp-content\/uploads\/2024\/02\/PORTADAS-DE-PROGRAMAS_Mesa-de-trabajo-1-copia-5-2048x1152.jpg 2048w\" sizes=\"(max-width: 640px) 100vw, 640px\" \/>\t\t\t\t\t\t\t\t<\/a>\n\t\t\t\t\t\t\t\t\t\t\t<figcaption class=\"widget-image-caption wp-caption-text\">Estrellas Emergentes: \u00a1Entrevistas en Vivo con los Talentos del Ma\u00f1ana!<\/figcaption>\n\t\t\t\t\t\t\t\t\t\t<\/figure>\n\t\t\t\t\t\t\t<\/div>\n\t\t\t\t<\/div>\n\t\t\t\t<div class=\"elementor-element elementor-element-aa50e86 elementor-widget-divider--view-line elementor-widget elementor-widget-divider\" data-id=\"aa50e86\" data-element_type=\"widget\" data-widget_type=\"divider.default\">\n\t\t\t\t<div class=\"elementor-widget-container\">\n\t\t\t\t\t<div class=\"elementor-divider\">\n\t\t\t<span class=\"elementor-divider-separator\">\n\t\t\t\t\t\t<\/span>\n\t\t<\/div>\n\t\t\t\t<\/div>\n\t\t\t\t<\/div>\n\t\t\t\t\t<\/div>\n\t\t\t\t<\/div>\n\t\t<div class=\"elementor-element elementor-element-08b925d e-flex e-con-boxed e-con e-parent\" data-id=\"08b925d\" data-element_type=\"container\" data-settings=\"{&quot;content_width&quot;:&quot;boxed&quot;}\" data-core-v316-plus=\"true\">\n\t\t\t\t\t<div class=\"e-con-inner\">\n\t\t\t\t<div class=\"elementor-element elementor-element-191e467 elementor-widget elementor-widget-heading\" data-id=\"191e467\" data-element_type=\"widget\" data-widget_type=\"heading.default\">\n\t\t\t\t<div class=\"elementor-widget-container\">\n\t\t\t<h2 class=\"elementor-heading-title elementor-size-default\"><a href=\"https:\/\/www.facebook.com\/watch\/101647229183096\/741691656972509\">DESAFIA2<\/a><\/h2>\t\t<\/div>\n\t\t\t\t<\/div>\n\t\t\t\t<div class=\"elementor-element elementor-element-5017748 elementor-widget elementor-widget-image\" data-id=\"5017748\" data-element_type=\"widget\" data-widget_type=\"image.default\">\n\t\t\t\t<div class=\"elementor-widget-container\">\n\t\t\t\t\t\t\t\t\t\t<figure class=\"wp-caption\">\n\t\t\t\t\t\t\t\t\t\t\t<a href=\"https:\/\/www.facebook.com\/watch\/101647229183096\/741691656972509\">\n\t\t\t\t\t\t\t<img loading=\"lazy\" decoding=\"async\" width=\"640\" height=\"360\" src=\"https:\/\/desafiomedios.com\/wp-content\/uploads\/2024\/02\/PORTADAS-DE-PROGRAMAS_Mesa-de-trabajo-1-copia-3-768x432.jpg\" class=\"attachment-medium_large size-medium_large wp-image-1634\" alt=\"\" srcset=\"https:\/\/desafiomedios.com\/wp-content\/uploads\/2024\/02\/PORTADAS-DE-PROGRAMAS_Mesa-de-trabajo-1-copia-3-768x432.jpg 768w, https:\/\/desafiomedios.com\/wp-content\/uploads\/2024\/02\/PORTADAS-DE-PROGRAMAS_Mesa-de-trabajo-1-copia-3-300x169.jpg 300w, https:\/\/desafiomedios.com\/wp-content\/uploads\/2024\/02\/PORTADAS-DE-PROGRAMAS_Mesa-de-trabajo-1-copia-3-1024x576.jpg 1024w, https:\/\/desafiomedios.com\/wp-content\/uploads\/2024\/02\/PORTADAS-DE-PROGRAMAS_Mesa-de-trabajo-1-copia-3-1536x864.jpg 1536w, https:\/\/desafiomedios.com\/wp-content\/uploads\/2024\/02\/PORTADAS-DE-PROGRAMAS_Mesa-de-trabajo-1-copia-3-2048x1152.jpg 2048w\" sizes=\"(max-width: 640px) 100vw, 640px\" \/>\t\t\t\t\t\t\t\t<\/a>\n\t\t\t\t\t\t\t\t\t\t\t<figcaption class=\"widget-image-caption wp-caption-text\">\u00a1Risas en Directo! \u00danete a la Diversi\u00f3n Juvenil en Vivo<\/figcaption>\n\t\t\t\t\t\t\t\t\t\t<\/figure>\n\t\t\t\t\t\t\t<\/div>\n\t\t\t\t<\/div>\n\t\t\t\t<div class=\"elementor-element elementor-element-09da0c8 elementor-widget-divider--view-line elementor-widget elementor-widget-divider\" data-id=\"09da0c8\" data-element_type=\"widget\" data-widget_type=\"divider.default\">\n\t\t\t\t<div class=\"elementor-widget-container\">\n\t\t\t\t\t<div class=\"elementor-divider\">\n\t\t\t<span class=\"elementor-divider-separator\">\n\t\t\t\t\t\t<\/span>\n\t\t<\/div>\n\t\t\t\t<\/div>\n\t\t\t\t<\/div>\n\t\t\t\t\t<\/div>\n\t\t\t\t<\/div>\n\t\t<div class=\"elementor-element elementor-element-261a9a5 e-flex e-con-boxed e-con e-parent\" data-id=\"261a9a5\" data-element_type=\"container\" data-settings=\"{&quot;content_width&quot;:&quot;boxed&quot;}\" data-core-v316-plus=\"true\">\n\t\t\t\t\t<div class=\"e-con-inner\">\n\t\t\t\t<div class=\"elementor-element elementor-element-f1823f4 elementor-widget elementor-widget-heading\" data-id=\"f1823f4\" data-element_type=\"widget\" data-widget_type=\"heading.default\">\n\t\t\t\t<div class=\"elementor-widget-container\">\n\t\t\t<h2 class=\"elementor-heading-title elementor-size-default\"><a href=\"https:\/\/www.facebook.com\/watch\/101647229183096\/5386545678079432\">Llego la Hora con Teo Sanchez<\/a><\/h2>\t\t<\/div>\n\t\t\t\t<\/div>\n\t\t\t\t<div class=\"elementor-element elementor-element-85edc0a elementor-widget elementor-widget-image\" data-id=\"85edc0a\" data-element_type=\"widget\" data-widget_type=\"image.default\">\n\t\t\t\t<div class=\"elementor-widget-container\">\n\t\t\t\t\t\t\t\t\t\t<figure class=\"wp-caption\">\n\t\t\t\t\t\t\t\t\t\t\t<a href=\"https:\/\/www.facebook.com\/watch\/101647229183096\/5386545678079432\">\n\t\t\t\t\t\t\t<img loading=\"lazy\" decoding=\"async\" width=\"640\" height=\"360\" src=\"https:\/\/desafiomedios.com\/wp-content\/uploads\/2024\/02\/PORTADAS-DE-PROGRAMAS_Mesa-de-trabajo-1-copia-2-768x432.jpg\" class=\"attachment-medium_large size-medium_large wp-image-1635\" alt=\"\" srcset=\"https:\/\/desafiomedios.com\/wp-content\/uploads\/2024\/02\/PORTADAS-DE-PROGRAMAS_Mesa-de-trabajo-1-copia-2-768x432.jpg 768w, https:\/\/desafiomedios.com\/wp-content\/uploads\/2024\/02\/PORTADAS-DE-PROGRAMAS_Mesa-de-trabajo-1-copia-2-300x169.jpg 300w, https:\/\/desafiomedios.com\/wp-content\/uploads\/2024\/02\/PORTADAS-DE-PROGRAMAS_Mesa-de-trabajo-1-copia-2-1024x576.jpg 1024w, https:\/\/desafiomedios.com\/wp-content\/uploads\/2024\/02\/PORTADAS-DE-PROGRAMAS_Mesa-de-trabajo-1-copia-2-1536x864.jpg 1536w, https:\/\/desafiomedios.com\/wp-content\/uploads\/2024\/02\/PORTADAS-DE-PROGRAMAS_Mesa-de-trabajo-1-copia-2-2048x1152.jpg 2048w\" sizes=\"(max-width: 640px) 100vw, 640px\" \/>\t\t\t\t\t\t\t\t<\/a>\n\t\t\t\t\t\t\t\t\t\t\t<figcaption class=\"widget-image-caption wp-caption-text\">\u00a1Al D\u00eda en Vivo! Explorando Temas Candentes en Tiempo Real<\/figcaption>\n\t\t\t\t\t\t\t\t\t\t<\/figure>\n\t\t\t\t\t\t\t<\/div>\n\t\t\t\t<\/div>\n\t\t\t\t<div class=\"elementor-element elementor-element-899f1df elementor-widget-divider--view-line elementor-widget elementor-widget-divider\" data-id=\"899f1df\" data-element_type=\"widget\" data-widget_type=\"divider.default\">\n\t\t\t\t<div class=\"elementor-widget-container\">\n\t\t\t\t\t<div class=\"elementor-divider\">\n\t\t\t<span class=\"elementor-divider-separator\">\n\t\t\t\t\t\t<\/span>\n\t\t<\/div>\n\t\t\t\t<\/div>\n\t\t\t\t<\/div>\n\t\t\t\t\t<\/div>\n\t\t\t\t<\/div>\n\t\t\t\t<\/div>\n\t\t","protected":false},"excerpt":{"rendered":"<p>A solas con Jes\u00fas Descubre el Poder Transformador: Por Qu\u00e9 Necesitas Tu Tiempo a Solas con Jes\u00fas EXPRESO ONLINE \u00a1Noticias al Instante: Mantente Informado en Vivo! La Iglesia Habla Iglesia en Directo: \u00a1Habla tu Fe y Conecta con la Comunidad! MUSIK &#038; Y ALGO M\u00c1S \u00a1Vibra en Vivo! Disfruta de la Mejor M\u00fasica en Directo [&hellip;]<\/p>\n","protected":false},"author":1,"featured_media":0,"parent":0,"menu_order":0,"comment_status":"closed","ping_status":"closed","template":"","meta":{"_monsterinsights_skip_tracking":false,"_monsterinsights_sitenote_active":false,"_monsterinsights_sitenote_note":"","_monsterinsights_sitenote_category":0,"footnotes":""},"aioseo_notices":[],"_links":{"self":[{"href":"https:\/\/desafiomedios.com\/index.php?rest_route=\/wp\/v2\/pages\/1939"}],"collection":[{"href":"https:\/\/desafiomedios.com\/index.php?rest_route=\/wp\/v2\/pages"}],"about":[{"href":"https:\/\/desafiomedios.com\/index.php?rest_route=\/wp\/v2\/types\/page"}],"author":[{"embeddable":true,"href":"https:\/\/desafiomedios.com\/index.php?rest_route=\/wp\/v2\/users\/1"}],"replies":[{"embeddable":true,"href":"https:\/\/desafiomedios.com\/index.php?rest_route=%2Fwp%2Fv2%2Fcomments&post=1939"}],"version-history":[{"count":34,"href":"https:\/\/desafiomedios.com\/index.php?rest_route=\/wp\/v2\/pages\/1939\/revisions"}],"predecessor-version":[{"id":2026,"href":"https:\/\/desafiomedios.com\/index.php?rest_route=\/wp\/v2\/pages\/1939\/revisions\/2026"}],"wp:attachment":[{"href":"https:\/\/desafiomedios.com\/index.php?rest_route=%2Fwp%2Fv2%2Fmedia&parent=1939"}],"curies":[{"name":"wp","href":"https:\/\/api.w.org\/{rel}","templated":true}]}}