{"id":1963,"date":"2024-02-26T18:25:34","date_gmt":"2024-02-26T17:25:34","guid":{"rendered":"https:\/\/desafiomedios.com\/?page_id=1963"},"modified":"2024-02-26T18:46:22","modified_gmt":"2024-02-26T17:46:22","slug":"expreso-online-2","status":"publish","type":"page","link":"https:\/\/desafiomedios.com\/?page_id=1963","title":{"rendered":"Expreso Online"},"content":{"rendered":"\t\t<div data-elementor-type=\"wp-page\" data-elementor-id=\"1963\" class=\"elementor elementor-1963\">\n\t\t\t\t<div class=\"elementor-element elementor-element-13f3c5d e-flex e-con-boxed e-con e-parent\" data-id=\"13f3c5d\" data-element_type=\"container\" data-settings=\"{&quot;content_width&quot;:&quot;boxed&quot;}\" data-core-v316-plus=\"true\">\n\t\t\t\t\t<div class=\"e-con-inner\">\n\t\t\t\t<div class=\"elementor-element elementor-element-22b7bab elementor-widget elementor-widget-heading\" data-id=\"22b7bab\" data-element_type=\"widget\" data-widget_type=\"heading.default\">\n\t\t\t\t<div class=\"elementor-widget-container\">\n\t\t\t<style>\/*! elementor - v3.19.0 - 29-01-2024 *\/\n.elementor-heading-title{padding:0;margin:0;line-height:1}.elementor-widget-heading .elementor-heading-title[class*=elementor-size-]>a{color:inherit;font-size:inherit;line-height:inherit}.elementor-widget-heading .elementor-heading-title.elementor-size-small{font-size:15px}.elementor-widget-heading .elementor-heading-title.elementor-size-medium{font-size:19px}.elementor-widget-heading .elementor-heading-title.elementor-size-large{font-size:29px}.elementor-widget-heading .elementor-heading-title.elementor-size-xl{font-size:39px}.elementor-widget-heading .elementor-heading-title.elementor-size-xxl{font-size:59px}<\/style><h2 class=\"elementor-heading-title elementor-size-default\">EXPRESO ONLINE<\/h2>\t\t<\/div>\n\t\t\t\t<\/div>\n\t\t\t\t<div class=\"elementor-element elementor-element-431da9f elementor-widget elementor-widget-text-editor\" data-id=\"431da9f\" data-element_type=\"widget\" data-widget_type=\"text-editor.default\">\n\t\t\t\t<div class=\"elementor-widget-container\">\n\t\t\t<style>\/*! elementor - v3.19.0 - 29-01-2024 *\/\n.elementor-widget-text-editor.elementor-drop-cap-view-stacked .elementor-drop-cap{background-color:#69727d;color:#fff}.elementor-widget-text-editor.elementor-drop-cap-view-framed .elementor-drop-cap{color:#69727d;border:3px solid;background-color:transparent}.elementor-widget-text-editor:not(.elementor-drop-cap-view-default) .elementor-drop-cap{margin-top:8px}.elementor-widget-text-editor:not(.elementor-drop-cap-view-default) .elementor-drop-cap-letter{width:1em;height:1em}.elementor-widget-text-editor .elementor-drop-cap{float:left;text-align:center;line-height:1;font-size:50px}.elementor-widget-text-editor .elementor-drop-cap-letter{display:inline-block}<\/style>\t\t\t\t<p>\u00a1Noticias al Instante: Mantente Informado en Vivo!<\/p>\t\t\t\t\t\t<\/div>\n\t\t\t\t<\/div>\n\t\t\t\t<div class=\"elementor-element elementor-element-be95ed8 elementor-widget elementor-widget-heading\" data-id=\"be95ed8\" data-element_type=\"widget\" data-widget_type=\"heading.default\">\n\t\t\t\t<div class=\"elementor-widget-container\">\n\t\t\t<h2 class=\"elementor-heading-title elementor-size-default\">Medidas de seguridad para Bogot\u00e1: llegar\u00e1n 700 polic\u00edas m\u00e1s | Expreso Online | Desafio Medios | 26 de Febrero 2024\n<\/h2>\t\t<\/div>\n\t\t\t\t<\/div>\n\t\t\t\t<div class=\"elementor-element elementor-element-317f9ef elementor-widget elementor-widget-video\" data-id=\"317f9ef\" data-element_type=\"widget\" data-settings=\"{&quot;youtube_url&quot;:&quot;https:\\\/\\\/www.youtube.com\\\/watch?v=wSPnoTJgS64&quot;,&quot;start&quot;:120,&quot;autoplay&quot;:&quot;yes&quot;,&quot;play_on_mobile&quot;:&quot;yes&quot;,&quot;loop&quot;:&quot;yes&quot;,&quot;video_type&quot;:&quot;youtube&quot;,&quot;controls&quot;:&quot;yes&quot;}\" data-widget_type=\"video.default\">\n\t\t\t\t<div class=\"elementor-widget-container\">\n\t\t\t<style>\/*! elementor - v3.19.0 - 29-01-2024 *\/\n.elementor-widget-video .elementor-widget-container{overflow:hidden;transform:translateZ(0)}.elementor-widget-video .elementor-wrapper{aspect-ratio:var(--video-aspect-ratio)}.elementor-widget-video .elementor-wrapper iframe,.elementor-widget-video .elementor-wrapper video{height:100%;width:100%;display:flex;border:none;background-color:#000}@supports not (aspect-ratio:1\/1){.elementor-widget-video .elementor-wrapper{position:relative;overflow:hidden;height:0;padding-bottom:calc(100% \/ var(--video-aspect-ratio))}.elementor-widget-video .elementor-wrapper iframe,.elementor-widget-video .elementor-wrapper video{position:absolute;top:0;right:0;bottom:0;left:0}}.elementor-widget-video .elementor-open-inline .elementor-custom-embed-image-overlay{position:absolute;top:0;right:0;bottom:0;left:0;background-size:cover;background-position:50%}.elementor-widget-video .elementor-custom-embed-image-overlay{cursor:pointer;text-align:center}.elementor-widget-video .elementor-custom-embed-image-overlay:hover .elementor-custom-embed-play i{opacity:1}.elementor-widget-video .elementor-custom-embed-image-overlay img{display:block;width:100%;aspect-ratio:var(--video-aspect-ratio);-o-object-fit:cover;object-fit:cover;-o-object-position:center center;object-position:center center}@supports not (aspect-ratio:1\/1){.elementor-widget-video .elementor-custom-embed-image-overlay{position:relative;overflow:hidden;height:0;padding-bottom:calc(100% \/ var(--video-aspect-ratio))}.elementor-widget-video .elementor-custom-embed-image-overlay img{position:absolute;top:0;right:0;bottom:0;left:0}}.elementor-widget-video .e-hosted-video .elementor-video{-o-object-fit:cover;object-fit:cover}.e-con-inner>.elementor-widget-video,.e-con>.elementor-widget-video{width:var(--container-widget-width);--flex-grow:var(--container-widget-flex-grow)}<\/style>\t\t<div class=\"elementor-wrapper elementor-open-inline\">\n\t\t\t<div class=\"elementor-video\"><\/div>\t\t<\/div>\n\t\t\t\t<\/div>\n\t\t\t\t<\/div>\n\t\t\t\t\t<\/div>\n\t\t\t\t<\/div>\n\t\t<div class=\"elementor-element elementor-element-896f9b3 e-flex e-con-boxed e-con e-parent\" data-id=\"896f9b3\" data-element_type=\"container\" data-settings=\"{&quot;content_width&quot;:&quot;boxed&quot;}\" data-core-v316-plus=\"true\">\n\t\t\t\t\t<div class=\"e-con-inner\">\n\t\t\t\t<div class=\"elementor-element elementor-element-1a32278 elementor-widget elementor-widget-wp-widget-newses_latest_post\" data-id=\"1a32278\" data-element_type=\"widget\" data-widget_type=\"wp-widget-newses_latest_post.default\">\n\t\t\t\t<div class=\"elementor-widget-container\">\n\t\t\t                                            <!-- mg-posts-sec-inner -->\n                <div class=\"mg-posts-sec-inner row\">\n                                        <div class=\"d-md-flex w-100 mg-posts-sec-post mb-4\">\n                            <div class=\"col-12 col-md-6\">\n                                <div class=\"mg-blog-thumb back-img md\" style=\"background-image: url('https:\/\/desafiomedios.com\/wp-content\/uploads\/2025\/12\/Diseno-sin-titulo-1.png');\">\n                                    <div class=\"mg-blog-category\"> <a class=\"newses-categories category-color-1\" href=\"https:\/\/desafiomedios.com\/?cat=1\"> \r\n                                 Blog\r\n                             <\/a> <\/div>\n                                    <a href=\"https:\/\/desafiomedios.com\/?p=7995\" class=\"link-div\"><\/a>\n                                    <span class=\"post-form\"><i class=\"fa fa-camera\"><\/i><\/span>\n                                <\/div> \n                            <\/div>\n                        <div class=\"mg-sec-top-post col\">\n                            <h4 class=\"title\"><a href=\"https:\/\/desafiomedios.com\/?p=7995\">EL MEJOR DIA DE TU VIDA<\/a><\/h4>\n                                <div class=\"mg-blog-meta\">\r\n        <span class=\"mg-blog-date\"><i class=\"fa fa-clock-o\"><\/i>\r\n         <a href=\"https:\/\/desafiomedios.com\/?m=202512\">\r\n         Dec 19, 2025<\/a><\/span>\r\n         <a class=\"auth\" href=\"https:\/\/desafiomedios.com\/?author=1\"><i class=\"fa fa-user-o\"><\/i> \r\n        manager.desafio<\/a>\r\n            <\/div>\r\n                                                                                    <div class=\"mg-content overflow-hidden\">\n                                                                                    <p>La Organizaci\u00f3n CULTURAL CAMBIAMUNDOS tiene el gusto de invitarles a ser parte de la 3\u00aa versi\u00f3n de la Misi\u00f3n \u201cEL MEJOR D\u00cdA DE TU VIDA\u201d,...<\/p>\n                                                                            <\/div>\n                                                        <\/div>\n                    <\/div>\n                                        <div class=\"d-md-flex w-100 mg-posts-sec-post mb-4\">\n                            <div class=\"col-12 col-md-6\">\n                                <div class=\"mg-blog-thumb back-img md\" style=\"background-image: url('https:\/\/desafiomedios.com\/wp-content\/uploads\/2025\/12\/Diseno-sin-titulo.png');\">\n                                    <div class=\"mg-blog-category\"> <a class=\"newses-categories category-color-1\" href=\"https:\/\/desafiomedios.com\/?cat=1\"> \r\n                                 Blog\r\n                             <\/a> <\/div>\n                                    <a href=\"https:\/\/desafiomedios.com\/?p=7989\" class=\"link-div\"><\/a>\n                                    <span class=\"post-form\"><i class=\"fa fa-camera\"><\/i><\/span>\n                                <\/div> \n                            <\/div>\n                        <div class=\"mg-sec-top-post col\">\n                            <h4 class=\"title\"><a href=\"https:\/\/desafiomedios.com\/?p=7989\">NESS presenta &#8220;Junto A Mi&#8221;, una canci\u00f3n que celebra la fe y la esperanza en medio de los d\u00edas grises<\/a><\/h4>\n                                <div class=\"mg-blog-meta\">\r\n        <span class=\"mg-blog-date\"><i class=\"fa fa-clock-o\"><\/i>\r\n         <a href=\"https:\/\/desafiomedios.com\/?m=202512\">\r\n         Dec 19, 2025<\/a><\/span>\r\n         <a class=\"auth\" href=\"https:\/\/desafiomedios.com\/?author=1\"><i class=\"fa fa-user-o\"><\/i> \r\n        manager.desafio<\/a>\r\n            <\/div>\r\n                                                                                    <div class=\"mg-content overflow-hidden\">\n                                                                                    <p>Bogot\u00e1, Colombia - El artiata y productor NESS lanza su nuevo sencillo \"Junto A Mi\", una canci\u00f3n de g\u00e9nero Pop\/Country dedicada a Oios, que nace...<\/p>\n                                                                            <\/div>\n                                                        <\/div>\n                    <\/div>\n                                        <div class=\"d-md-flex w-100 mg-posts-sec-post mb-4\">\n                            <div class=\"col-12 col-md-6\">\n                                <div class=\"mg-blog-thumb back-img md\" style=\"background-image: url('https:\/\/desafiomedios.com\/wp-content\/uploads\/2025\/12\/miel-marcos.jpg');\">\n                                    <div class=\"mg-blog-category\"> <a class=\"newses-categories category-color-1\" href=\"https:\/\/desafiomedios.com\/?cat=1\"> \r\n                                 Blog\r\n                             <\/a> <\/div>\n                                    <a href=\"https:\/\/desafiomedios.com\/?p=7983\" class=\"link-div\"><\/a>\n                                    <span class=\"post-form\"><i class=\"fa fa-camera\"><\/i><\/span>\n                                <\/div> \n                            <\/div>\n                        <div class=\"mg-sec-top-post col\">\n                            <h4 class=\"title\"><a href=\"https:\/\/desafiomedios.com\/?p=7983\">Miel San Marcos conmemora 25 a\u00f1os de trayectoria con dos conciertos hist\u00f3ricos<\/a><\/h4>\n                                <div class=\"mg-blog-meta\">\r\n        <span class=\"mg-blog-date\"><i class=\"fa fa-clock-o\"><\/i>\r\n         <a href=\"https:\/\/desafiomedios.com\/?m=202512\">\r\n         Dec 19, 2025<\/a><\/span>\r\n         <a class=\"auth\" href=\"https:\/\/desafiomedios.com\/?author=1\"><i class=\"fa fa-user-o\"><\/i> \r\n        manager.desafio<\/a>\r\n            <\/div>\r\n                                                                                    <div class=\"mg-content overflow-hidden\">\n                                                                                    <p>Ciudad de Guatemala, Guatemala (8 de diciembre de 2025) \u2013 Miel San Marcos celebra su hist\u00f3rico 25.\u00ba aniversario de ministerio con dos conciertos y grabaciones...<\/p>\n                                                                            <\/div>\n                                                        <\/div>\n                    <\/div>\n                                        <div class=\"d-md-flex w-100 mg-posts-sec-post mb-4\">\n                            <div class=\"col-12 col-md-6\">\n                                <div class=\"mg-blog-thumb back-img md\" style=\"background-image: url('https:\/\/desafiomedios.com\/wp-content\/uploads\/2025\/12\/ANDREA-FUENMAYOR-SANTA-LA-NOCHEWhatsApp-Image-2025-12-10-at-2.39.02-PM-1.jpeg');\">\n                                    <div class=\"mg-blog-category\"> <a class=\"newses-categories category-color-1\" href=\"https:\/\/desafiomedios.com\/?cat=1\"> \r\n                                 Blog\r\n                             <\/a> <\/div>\n                                    <a href=\"https:\/\/desafiomedios.com\/?p=7975\" class=\"link-div\"><\/a>\n                                    <span class=\"post-form\"><i class=\"fa fa-camera\"><\/i><\/span>\n                                <\/div> \n                            <\/div>\n                        <div class=\"mg-sec-top-post col\">\n                            <h4 class=\"title\"><a href=\"https:\/\/desafiomedios.com\/?p=7975\">En tiempos Navide\u00f1os Andrea Fuenmayor nos regala \u201cSanta la noche\u201d un cover inolvidable.<\/a><\/h4>\n                                <div class=\"mg-blog-meta\">\r\n        <span class=\"mg-blog-date\"><i class=\"fa fa-clock-o\"><\/i>\r\n         <a href=\"https:\/\/desafiomedios.com\/?m=202512\">\r\n         Dec 11, 2025<\/a><\/span>\r\n         <a class=\"auth\" href=\"https:\/\/desafiomedios.com\/?author=1\"><i class=\"fa fa-user-o\"><\/i> \r\n        manager.desafio<\/a>\r\n            <\/div>\r\n                                                                                    <div class=\"mg-content overflow-hidden\">\n                                                                                    <p>En tiempos Navide\u00f1os Andrea Fuenmayor nos regala \u201cSanta la noche\u201d un cover inolvidable. La cantautora venezolana Andrea Fuenmayor presenta su nueva versi\u00f3n del cl\u00e1sico navide\u00f1o...<\/p>\n                                                                            <\/div>\n                                                        <\/div>\n                    <\/div>\n                                        <div class=\"d-md-flex w-100 mg-posts-sec-post mb-4\">\n                            <div class=\"col-12 col-md-6\">\n                                <div class=\"mg-blog-thumb back-img md\" style=\"background-image: url('https:\/\/desafiomedios.com\/wp-content\/uploads\/2025\/12\/En-Familia-Caratula-Rafa-Bautista-Ft.-Fuerte-Latido-Gloriaeliz.jpeg');\">\n                                    <div class=\"mg-blog-category\"> <a class=\"newses-categories category-color-1\" href=\"https:\/\/desafiomedios.com\/?cat=1\"> \r\n                                 Blog\r\n                             <\/a> <\/div>\n                                    <a href=\"https:\/\/desafiomedios.com\/?p=7957\" class=\"link-div\"><\/a>\n                                    <span class=\"post-form\"><i class=\"fa fa-camera\"><\/i><\/span>\n                                <\/div> \n                            <\/div>\n                        <div class=\"mg-sec-top-post col\">\n                            <h4 class=\"title\"><a href=\"https:\/\/desafiomedios.com\/?p=7957\">&#8220;En Familia&#8221; | Lo Nuevo de Navidad &#8211; Rafa Bautista<\/a><\/h4>\n                                <div class=\"mg-blog-meta\">\r\n        <span class=\"mg-blog-date\"><i class=\"fa fa-clock-o\"><\/i>\r\n         <a href=\"https:\/\/desafiomedios.com\/?m=202512\">\r\n         Dec 9, 2025<\/a><\/span>\r\n         <a class=\"auth\" href=\"https:\/\/desafiomedios.com\/?author=1\"><i class=\"fa fa-user-o\"><\/i> \r\n        manager.desafio<\/a>\r\n            <\/div>\r\n                                                                                    <div class=\"mg-content overflow-hidden\">\n                                                                                    <p>El reconocido artista revelaci\u00f3n de Colombia, Rafa Bautista, se une a la celebraci\u00f3n de la \u00e9poca m\u00e1s familiar del a\u00f1o con una canci\u00f3n que comparte...<\/p>\n                                                                            <\/div>\n                                                        <\/div>\n                    <\/div>\n                                                    <\/div> <!-- \/\/ mg-posts-sec-inner -->\n            <\/div> <!-- \/\/ mg-posts-sec block_6 -->\n            \t\t<\/div>\n\t\t\t\t<\/div>\n\t\t\t\t\t<\/div>\n\t\t\t\t<\/div>\n\t\t\t\t<\/div>\n\t\t","protected":false},"excerpt":{"rendered":"<p>EXPRESO ONLINE \u00a1Noticias al Instante: Mantente Informado en Vivo! Medidas de seguridad para Bogot\u00e1: llegar\u00e1n 700 polic\u00edas m\u00e1s | Expreso Online | Desafio Medios | 26 de Febrero 2024<\/p>\n","protected":false},"author":1,"featured_media":0,"parent":0,"menu_order":0,"comment_status":"closed","ping_status":"closed","template":"","meta":{"_monsterinsights_skip_tracking":false,"_monsterinsights_sitenote_active":false,"_monsterinsights_sitenote_note":"","_monsterinsights_sitenote_category":0,"footnotes":""},"aioseo_notices":[],"_links":{"self":[{"href":"https:\/\/desafiomedios.com\/index.php?rest_route=\/wp\/v2\/pages\/1963"}],"collection":[{"href":"https:\/\/desafiomedios.com\/index.php?rest_route=\/wp\/v2\/pages"}],"about":[{"href":"https:\/\/desafiomedios.com\/index.php?rest_route=\/wp\/v2\/types\/page"}],"author":[{"embeddable":true,"href":"https:\/\/desafiomedios.com\/index.php?rest_route=\/wp\/v2\/users\/1"}],"replies":[{"embeddable":true,"href":"https:\/\/desafiomedios.com\/index.php?rest_route=%2Fwp%2Fv2%2Fcomments&post=1963"}],"version-history":[{"count":16,"href":"https:\/\/desafiomedios.com\/index.php?rest_route=\/wp\/v2\/pages\/1963\/revisions"}],"predecessor-version":[{"id":1990,"href":"https:\/\/desafiomedios.com\/index.php?rest_route=\/wp\/v2\/pages\/1963\/revisions\/1990"}],"wp:attachment":[{"href":"https:\/\/desafiomedios.com\/index.php?rest_route=%2Fwp%2Fv2%2Fmedia&parent=1963"}],"curies":[{"name":"wp","href":"https:\/\/api.w.org\/{rel}","templated":true}]}}