{"id":3996,"date":"2024-11-25T21:41:22","date_gmt":"2024-11-25T20:41:22","guid":{"rendered":"https:\/\/desafiomedios.com\/?page_id=3996"},"modified":"2024-11-25T21:44:20","modified_gmt":"2024-11-25T20:44:20","slug":"sons-of-thunder","status":"publish","type":"page","link":"https:\/\/desafiomedios.com\/?page_id=3996","title":{"rendered":"SONS OF THUNDER"},"content":{"rendered":"\t\t<div data-elementor-type=\"wp-page\" data-elementor-id=\"3996\" class=\"elementor elementor-3996\">\n\t\t\t\t<div class=\"elementor-element elementor-element-9a92f84 e-flex e-con-boxed e-con e-parent\" data-id=\"9a92f84\" data-element_type=\"container\" data-settings=\"{&quot;content_width&quot;:&quot;boxed&quot;}\" data-core-v316-plus=\"true\">\n\t\t\t\t\t<div class=\"e-con-inner\">\n\t\t\t\t<div class=\"elementor-element elementor-element-568daaf8 elementor-widget elementor-widget-text-editor\" data-id=\"568daaf8\" data-element_type=\"widget\" data-widget_type=\"text-editor.default\">\n\t\t\t\t<div class=\"elementor-widget-container\">\n\t\t\t<style>\/*! elementor - v3.19.0 - 29-01-2024 *\/\n.elementor-widget-text-editor.elementor-drop-cap-view-stacked .elementor-drop-cap{background-color:#69727d;color:#fff}.elementor-widget-text-editor.elementor-drop-cap-view-framed .elementor-drop-cap{color:#69727d;border:3px solid;background-color:transparent}.elementor-widget-text-editor:not(.elementor-drop-cap-view-default) .elementor-drop-cap{margin-top:8px}.elementor-widget-text-editor:not(.elementor-drop-cap-view-default) .elementor-drop-cap-letter{width:1em;height:1em}.elementor-widget-text-editor .elementor-drop-cap{float:left;text-align:center;line-height:1;font-size:50px}.elementor-widget-text-editor .elementor-drop-cap-letter{display:inline-block}<\/style>\t\t\t\t<p><!-- wp:paragraph --><\/p>\n<p>\u00bfQUIENES SOMOS?<\/p>\n<p><!-- \/wp:paragraph --><\/p>\n<p><!-- wp:paragraph --><\/p>\n<p>Sons of Thunder es una de las bandas Californianas m\u00e1s destacadas y reconocidas del<br>momento. Los hermanos Tejada (Samuel, David &amp; Israel) quienes han tocado juntos a lo<br>largo de su vida, deciden comenzar este nuevo movimiento musical colectivo y unir a<br>cientos de voces para cantar en las calles, eventos e iglesias y traer un fresco mover de<br>Dios a trav\u00e9s de su m\u00fasica. La banda formaliza su ministerio a principios del 2022 y as\u00ed<br>comienzas a presentarse como Sons of Thunder en m\u00faltiples eventos de renombre.<\/p>\n<p><!-- \/wp:paragraph --><\/p>\n<p><!-- wp:paragraph --><\/p>\n<p>VISI\u00d3N<br>Proclamar el Evangelio de Jesucristo a<br>los quebrantados y restaurarlos<br>conforme al Coraz\u00f3n de Dios a trav\u00e9s de<br>la adoraci\u00f3n, canciones de liberaci\u00f3n y<br>melod\u00edas que fluyan en la presencia del<br>Esp\u00edritu Santo.<\/p>\n<p><!-- \/wp:paragraph --><\/p>\n<p><!-- wp:paragraph --><\/p>\n<p>TRAYECTORIA<\/p>\n<p>Durante Julio, Octubre y Noviembre del 2022, Sons of Thunder tiene el honor<br>de compartir tarima en diferentes eventos junto a Miel San Marcos, durante la<br>grabaci\u00f3n de Evangelio en el imponente Crypto Arena, Marcos Witt &amp; Marco<br>Barrientos durante el homenaje a Alberto Motessi y grabando su primer<br>\u00e1lbum en vivo \u201cHeavens Sounds. Durante el 2023 SOT lanzo \u201cEl Viene Ya,\u201d \u201cSolo<br>a ti\u201d y \u201cThe Light\u201d tres canciones de su album Heavens Sounds que ha<br>cautivado a una audiencia sedienta del mover de Dios. El 2024 llega lleno de<br>metas, nueva musica y giras internacionales para la agrupacion.<span style=\"color: var( --e-global-color-text ); font-family: var( --e-global-typography-text-font-family ), Sans-serif; font-weight: var( --e-global-typography-text-font-weight ); text-align: var(--text-align);\">l<\/span><\/p>\n<p><!-- \/wp:paragraph --><\/p>\n<p><!-- wp:paragraph --><\/p>\n<p>Sam es un talentoso cantautor<br>estadunidense con ra\u00edces<br>guatemaltecas. Sam es uno de los<br>directores de alabanza m\u00e1s destacados<br>del Sur de California. \u00c9l es reconocido<br>por su habilidad de unir, dirigir y crear<br>sonidos celestiales con las voces del<br>coro de mas de 100 personas que<br>forma parte del movimiento musical el<br>cual lidera junto a sus hermanos, Sons<br>of Thunder.<\/p>\n<p><!-- \/wp:paragraph --><\/p>\n<p><!-- wp:paragraph --><\/p>\n<p>Israel es uno de los bateristas m\u00e1s<br>talentosos del Sur de California. Con<br>cada remate y sonar de su tambor<br>percibes pasi\u00f3n por Dios, la m\u00fasica, la<br>gente, el arte y por llevar el mensaje de<br>Salvaci\u00f3n a cada persona que Dios<br>pone en su camino. Desde muy<br>peque\u00f1o descubre su talento musical y<br>se desarrolla principalmente en la<br>bater\u00eda aunque este no es su \u00fanico<br>instrumento. Israel adem\u00e1s es un<br>creativo compositor y productor.<\/p>\n<p><!-- \/wp:paragraph --><\/p>\n<p><!-- wp:paragraph --><\/p>\n<p>David es un exitoso director musical,<br>pianista, bajista, cantante, empresario y<br>locutor de Radio. Su amor por Dios, la<br>m\u00fasica y la gente es incuestionable.<br>David es caracterizado por un carisma<br>especial y habilidad de conectar con la<br>gente. Est\u00e1 felizmente casado con<br>Evelyn con quien tienen tres hijos,<br>Jacob, Jaelyn &amp; Jeremiah.<\/p>\n<p>CONOCE M\u00c1S DE ELLOS AQU\u00cd<br>www.sonsofthunderofficial.com<\/p>\n<p><!-- \/wp:paragraph --><\/p>\t\t\t\t\t\t<\/div>\n\t\t\t\t<\/div>\n\t\t\t\t\t<\/div>\n\t\t\t\t<\/div>\n\t\t\t\t<\/div>\n\t\t","protected":false},"excerpt":{"rendered":"<p>\u00bfQUIENES SOMOS? Sons of Thunder es una de las bandas Californianas m\u00e1s destacadas y reconocidas delmomento. Los hermanos Tejada (Samuel, David &amp; Israel) quienes han tocado juntos a lolargo de su vida, deciden comenzar este nuevo movimiento musical colectivo y unir acientos de voces para cantar en las calles, eventos e iglesias y traer un [&hellip;]<\/p>\n","protected":false},"author":1,"featured_media":3998,"parent":0,"menu_order":0,"comment_status":"closed","ping_status":"closed","template":"","meta":{"_monsterinsights_skip_tracking":false,"_monsterinsights_sitenote_active":false,"_monsterinsights_sitenote_note":"","_monsterinsights_sitenote_category":0,"footnotes":""},"aioseo_notices":[],"_links":{"self":[{"href":"https:\/\/desafiomedios.com\/index.php?rest_route=\/wp\/v2\/pages\/3996"}],"collection":[{"href":"https:\/\/desafiomedios.com\/index.php?rest_route=\/wp\/v2\/pages"}],"about":[{"href":"https:\/\/desafiomedios.com\/index.php?rest_route=\/wp\/v2\/types\/page"}],"author":[{"embeddable":true,"href":"https:\/\/desafiomedios.com\/index.php?rest_route=\/wp\/v2\/users\/1"}],"replies":[{"embeddable":true,"href":"https:\/\/desafiomedios.com\/index.php?rest_route=%2Fwp%2Fv2%2Fcomments&post=3996"}],"version-history":[{"count":4,"href":"https:\/\/desafiomedios.com\/index.php?rest_route=\/wp\/v2\/pages\/3996\/revisions"}],"predecessor-version":[{"id":4001,"href":"https:\/\/desafiomedios.com\/index.php?rest_route=\/wp\/v2\/pages\/3996\/revisions\/4001"}],"wp:featuredmedia":[{"embeddable":true,"href":"https:\/\/desafiomedios.com\/index.php?rest_route=\/wp\/v2\/media\/3998"}],"wp:attachment":[{"href":"https:\/\/desafiomedios.com\/index.php?rest_route=%2Fwp%2Fv2%2Fmedia&parent=3996"}],"curies":[{"name":"wp","href":"https:\/\/api.w.org\/{rel}","templated":true}]}}