{"id":4003,"date":"2024-11-26T15:52:31","date_gmt":"2024-11-26T14:52:31","guid":{"rendered":"https:\/\/desafiomedios.com\/?page_id=4003"},"modified":"2024-11-26T15:54:23","modified_gmt":"2024-11-26T14:54:23","slug":"mariannah-y-diego-lanzan-camino-a-belen-un-himno-de-esperanza-y-alegria","status":"publish","type":"page","link":"https:\/\/desafiomedios.com\/?page_id=4003","title":{"rendered":"\u00a1MARIANNAH Y DIEGO LANZAN &#8220;CAMINO A BEL\u00c9N&#8221;, UN HIMNO DE ESPERANZA Y ALEGR\u00cdA!"},"content":{"rendered":"\t\t<div data-elementor-type=\"wp-page\" data-elementor-id=\"4003\" class=\"elementor elementor-4003\">\n\t\t\t\t<div class=\"elementor-element elementor-element-41eee391 e-flex e-con-boxed e-con e-parent\" data-id=\"41eee391\" data-element_type=\"container\" data-settings=\"{&quot;content_width&quot;:&quot;boxed&quot;}\" data-core-v316-plus=\"true\">\n\t\t\t\t\t<div class=\"e-con-inner\">\n\t\t\t\t<div class=\"elementor-element elementor-element-6def5d7f elementor-widget elementor-widget-text-editor\" data-id=\"6def5d7f\" data-element_type=\"widget\" data-widget_type=\"text-editor.default\">\n\t\t\t\t<div class=\"elementor-widget-container\">\n\t\t\t<style>\/*! elementor - v3.19.0 - 29-01-2024 *\/\n.elementor-widget-text-editor.elementor-drop-cap-view-stacked .elementor-drop-cap{background-color:#69727d;color:#fff}.elementor-widget-text-editor.elementor-drop-cap-view-framed .elementor-drop-cap{color:#69727d;border:3px solid;background-color:transparent}.elementor-widget-text-editor:not(.elementor-drop-cap-view-default) .elementor-drop-cap{margin-top:8px}.elementor-widget-text-editor:not(.elementor-drop-cap-view-default) .elementor-drop-cap-letter{width:1em;height:1em}.elementor-widget-text-editor .elementor-drop-cap{float:left;text-align:center;line-height:1;font-size:50px}.elementor-widget-text-editor .elementor-drop-cap-letter{display:inline-block}<\/style>\t\t\t\t<!-- wp:paragraph -->\n<p>El d\u00fao musical Mariannah y Diego se prepara para encender el esp\u00edritu navide\u00f1o con el lanzamiento de su nuevo sencillo, <em>Camino a Bel\u00e9n<\/em>, disponible a partir de este viernes 22 de noviembre de 2024. Esta vibrante y festiva canci\u00f3n de funk-pop promete traer alegr\u00eda y energ\u00eda a la temporada, capturando la emoci\u00f3n de viajar a Bel\u00e9n para presenciar el nacimiento de Jes\u00fas, la esperanza del mundo en forma de un ni\u00f1o.<\/p>\n<!-- \/wp:paragraph -->\n\n<!-- wp:paragraph -->\n<p>Con una fusi\u00f3n \u00fanica de ritmos funk, elementos de disco y un toque de swing, <em>Camino a Bel\u00e9n<\/em> es un tema dise\u00f1ado para hacer que todos bailen y celebren. La composici\u00f3n est\u00e1 impregnada de una energ\u00eda contagiosa y una atm\u00f3sfera de celebraci\u00f3n, perfecta para envolver a los oyentes en una experiencia musical que eleva el alma y llena el coraz\u00f3n de felicidad y fe.<\/p>\n<!-- \/wp:paragraph -->\n\n<!-- wp:paragraph -->\n<p>M\u00e1s all\u00e1 de la m\u00fasica, <em>Camino a Bel\u00e9n<\/em> tambi\u00e9n ha sido elegido como tema central de una obra de teatro y baile organizada por La Fundaci\u00f3n de Arte y Cultura Cristiana de Colombia. Este espect\u00e1culo promete ser una extensi\u00f3n visual y art\u00edstica del mensaje de esperanza y alegr\u00eda que la canci\u00f3n transmite.<\/p>\n<!-- \/wp:paragraph -->\n\n<!-- wp:paragraph -->\n<p>\u201cQueremos que <em>Camino a Bel\u00e9n<\/em> se sienta como una fiesta espiritual\u201d, comentan Mariannah y Diego. \u201cEs una invitaci\u00f3n a unirnos en la alegr\u00eda de la temporada, a recordar el verdadero significado de la Navidad y a dejar que la m\u00fasica nos llene de fe y felicidad\u201d.<\/p>\n<!-- \/wp:paragraph -->\n\n<!-- wp:paragraph -->\n<p>El 2024 un a\u00f1o definitivamente lleno de mucho trabajo, donde el d\u00fao \u201cMARIANNAH Y DIEGO\u201d mes a mes han venido sorprendiendo a su p\u00fablico con muy buenas propuestas musicales las cuales han bendecido a miles de personas en el mundo.<\/p>\n<!-- \/wp:paragraph -->\n\n<!-- wp:paragraph -->\n<p>\u00danete al viaje hacia Bel\u00e9n y celebra la llegada de la esperanza al mundo. Para m\u00e1s informaci\u00f3n seguir las redes sociales del d\u00fao y para contacto de prensa comunicarse con la Agencia GC Music Business.<\/p>\n<!-- \/wp:paragraph -->\n\n<!-- wp:paragraph -->\n<p>Redes Sociales:<\/p>\n<!-- \/wp:paragraph -->\n\n<!-- wp:paragraph -->\n<p>Facebook: <a href=\"https:\/\/www.facebook.com\/mariannahydiego\">https:\/\/www.facebook.com\/mariannahydiego<\/a><\/p>\n<!-- \/wp:paragraph -->\n\n<!-- wp:paragraph -->\n<p>Instagram: <a href=\"https:\/\/www.instagram.com\/mariannahydiego\/\">https:\/\/www.instagram.com\/mariannahydiego\/<\/a><\/p>\n<!-- \/wp:paragraph -->\n\n<!-- wp:paragraph -->\n<p>YouTube: <a href=\"https:\/\/www.youtube.com\/c\/MariannahyDiego?sub_confirmation=1\">https:\/\/www.youtube.com\/c\/MariannahyDiego?sub_confirmation=1<\/a><\/p>\n<!-- \/wp:paragraph -->\n\n<!-- wp:paragraph -->\n<p>Spotify: <a href=\"https:\/\/open.spotify.com\/artist\/2bZwH6BImOFTkOPaSdbtOG\">https:\/\/open.spotify.com\/artist\/2bZwH6BImOFTkOPaSdbtOG<\/a><\/p>\n<!-- \/wp:paragraph -->\t\t\t\t\t\t<\/div>\n\t\t\t\t<\/div>\n\t\t\t\t\t<\/div>\n\t\t\t\t<\/div>\n\t\t\t\t<\/div>\n\t\t","protected":false},"excerpt":{"rendered":"<p>El d\u00fao musical Mariannah y Diego se prepara para encender el esp\u00edritu navide\u00f1o con el lanzamiento de su nuevo sencillo, Camino a Bel\u00e9n, disponible a partir de este viernes 22 de noviembre de 2024. Esta vibrante y festiva canci\u00f3n de funk-pop promete traer alegr\u00eda y energ\u00eda a la temporada, capturando la emoci\u00f3n de viajar a [&hellip;]<\/p>\n","protected":false},"author":1,"featured_media":4005,"parent":0,"menu_order":0,"comment_status":"closed","ping_status":"closed","template":"","meta":{"_monsterinsights_skip_tracking":false,"_monsterinsights_sitenote_active":false,"_monsterinsights_sitenote_note":"","_monsterinsights_sitenote_category":0,"footnotes":""},"aioseo_notices":[],"_links":{"self":[{"href":"https:\/\/desafiomedios.com\/index.php?rest_route=\/wp\/v2\/pages\/4003"}],"collection":[{"href":"https:\/\/desafiomedios.com\/index.php?rest_route=\/wp\/v2\/pages"}],"about":[{"href":"https:\/\/desafiomedios.com\/index.php?rest_route=\/wp\/v2\/types\/page"}],"author":[{"embeddable":true,"href":"https:\/\/desafiomedios.com\/index.php?rest_route=\/wp\/v2\/users\/1"}],"replies":[{"embeddable":true,"href":"https:\/\/desafiomedios.com\/index.php?rest_route=%2Fwp%2Fv2%2Fcomments&post=4003"}],"version-history":[{"count":4,"href":"https:\/\/desafiomedios.com\/index.php?rest_route=\/wp\/v2\/pages\/4003\/revisions"}],"predecessor-version":[{"id":4008,"href":"https:\/\/desafiomedios.com\/index.php?rest_route=\/wp\/v2\/pages\/4003\/revisions\/4008"}],"wp:featuredmedia":[{"embeddable":true,"href":"https:\/\/desafiomedios.com\/index.php?rest_route=\/wp\/v2\/media\/4005"}],"wp:attachment":[{"href":"https:\/\/desafiomedios.com\/index.php?rest_route=%2Fwp%2Fv2%2Fmedia&parent=4003"}],"curies":[{"name":"wp","href":"https:\/\/api.w.org\/{rel}","templated":true}]}}