{"id":4010,"date":"2024-11-26T20:12:08","date_gmt":"2024-11-26T19:12:08","guid":{"rendered":"https:\/\/desafiomedios.com\/?page_id=4010"},"modified":"2024-11-26T20:13:01","modified_gmt":"2024-11-26T19:13:01","slug":"calma-remix-de-sion-nacion-santa-x-daniela-mejia-una-historia-basada-en-hechos-reales","status":"publish","type":"page","link":"https:\/\/desafiomedios.com\/?page_id=4010","title":{"rendered":"Calma Remix de Sion Naci\u00f3n Santa x Daniela Mej\u00eda ,Una Historia basada en hechos reales"},"content":{"rendered":"\t\t<div data-elementor-type=\"wp-page\" data-elementor-id=\"4010\" class=\"elementor elementor-4010\">\n\t\t\t\t<div class=\"elementor-element elementor-element-fbbf4fd e-flex e-con-boxed e-con e-parent\" data-id=\"fbbf4fd\" data-element_type=\"container\" data-settings=\"{&quot;content_width&quot;:&quot;boxed&quot;}\" data-core-v316-plus=\"true\">\n\t\t\t\t\t<div class=\"e-con-inner\">\n\t\t\t\t<div class=\"elementor-element elementor-element-2ee67004 elementor-widget elementor-widget-text-editor\" data-id=\"2ee67004\" data-element_type=\"widget\" data-widget_type=\"text-editor.default\">\n\t\t\t\t<div class=\"elementor-widget-container\">\n\t\t\t<style>\/*! elementor - v3.19.0 - 29-01-2024 *\/\n.elementor-widget-text-editor.elementor-drop-cap-view-stacked .elementor-drop-cap{background-color:#69727d;color:#fff}.elementor-widget-text-editor.elementor-drop-cap-view-framed .elementor-drop-cap{color:#69727d;border:3px solid;background-color:transparent}.elementor-widget-text-editor:not(.elementor-drop-cap-view-default) .elementor-drop-cap{margin-top:8px}.elementor-widget-text-editor:not(.elementor-drop-cap-view-default) .elementor-drop-cap-letter{width:1em;height:1em}.elementor-widget-text-editor .elementor-drop-cap{float:left;text-align:center;line-height:1;font-size:50px}.elementor-widget-text-editor .elementor-drop-cap-letter{display:inline-block}<\/style>\t\t\t\t<p><!-- wp:paragraph --><\/p>\n<p>Este 29 de Noviembre , se estrena la nueva canci\u00f3n del grupo cristiano Sion Naci\u00f3n Santa, junto a<br \/>la artista Daniela Mejia, quienes se destacan en cada lanzamiento por llevar un mensaje de<br \/>agradecimiento con Dios a trav\u00e9s de la m\u00fasica y sus videos.<\/p>\n<p><!-- \/wp:paragraph --><\/p>\n<p><!-- wp:paragraph --><\/p>\n<p>Calma Remix, es una canci\u00f3n con ritmo Afrolatino, que lleva un mensaje de esperanza para esos<br \/>momentos de dificultad que atravesamos en nuestra vida.<\/p>\n<p><!-- \/wp:paragraph --><\/p>\n<p><!-- wp:paragraph --><\/p>\n<p>esta cancion cuenta la mas reciente historia de leon, que fue atravesar por una tormenta y fue el<br \/>suicidio de su hermano mayor quien aparte de esta familiaridad, tambien era su jefe y quien<br \/>solventaba la economia en la casa de Leon, la historia esta mas enfocada en lo que vivio leon despues<br \/>del fallecimiento de su hermano y las necesidades que a estado viviendo, que en medio de toda esta<br \/>tormenta el pudo encontrar una CALMA LLAMADA JESUS.<\/p>\n<p><!-- \/wp:paragraph --><\/p>\n<p><!-- wp:paragraph --><\/p>\n<p>al p\u00fablico que queremos llegar es a todo aquel que pueda conectarse con la canci\u00f3n y la historia del<br \/>video, para que puedan tambi\u00e9n conocer esa CALMA EN MEDIA DE SUS TORMENTAS<br \/>La canci\u00f3n se encuentra disponible desde ya, en todas las plataformas digitales y cuenta con video<br \/>oficial dirigido por el reconocido productor David Jassir y la compa\u00f1\u00eda audiovisual Par\u00e1bola Films.<\/p>\n<p><!-- \/wp:paragraph --><\/p>\n<p><!-- wp:paragraph --><\/p>\n<p>Sobre Sion Naci\u00f3n Santa<\/p>\n<p><!-- \/wp:paragraph --><\/p>\n<p><!-- wp:paragraph --><\/p>\n<p>Sion Naci\u00f3n Santa, uno de los grupos m\u00e1s prol\u00edficos de la m\u00fasica cristiana latina, Conformado<br \/>por: Manu (l\u00edder), Le\u00f3n y Ciggy<br \/>tiene un repertorio impresionante de canciones que llevan el mensaje de Salvaci\u00f3n.<\/p>\n<p><!-- \/wp:paragraph --><\/p>\n<p><!-- wp:paragraph --><\/p>\n<p>Sion Naci\u00f3n Santa se ha establecido como artistas completos capaces de crear y curar canciones<br \/>que no solo conectan con sus oyentes, sino que tambi\u00e9n hacen que te conectes con Dios.<br \/>Los miembros de Sion Naci\u00f3n Santa son hijos de Dios, cantantes, int\u00e9rpretes, compositores,<br \/>consumados por derecho propio. Todos con talentos distintivos que cada uno trae a la mesa al<br \/>crear su marca \u00fanica de m\u00fasica que ha sido puesta al servicio de Jesucristo.<\/p>\n<p><!-- \/wp:paragraph --><\/p>\n<p><!-- wp:paragraph --><\/p>\n<p>El supergrupo ha colaborado con artistas como Lizzy Parra, Omy Alka, Dominico Gonz\u00e1lez,<br \/>Townix, Kev Miranda y Jay Kalil, por nombrar algunos.<\/p>\n<p><!-- \/wp:paragraph --><\/p>\n<p><!-- wp:paragraph --><\/p>\n<p>Tambi\u00e9n han participado en giras y eventos importantes como el Bogot\u00e1 Gospel 2024, y<br \/>ColorFest de G12, Donde compartieron escenario con grandes de la m\u00fasica cristiana<br \/>En 2018, ganaron el Premio Praise al \u201cTema Urbano del A\u00f1o\u201d y en 2022, el premio Galard\u00f3n<br \/>como \u201cMejor Grupo o D\u00fao Urbano\u201d. actualmente fueron nominados a Mejor banda 2024.<\/p>\n<p><!-- \/wp:paragraph --><\/p>\n<p><!-- wp:paragraph --><\/p>\n<p>La agrupaci\u00f3n, hace parte de la compa\u00f1\u00eda discogr\u00e1fica Waigy Records, reconocida por impulsar la<br \/>carrera de varios artistas en la m\u00fasica secular como Beele, Dekko, Montano y Totoy El Fr\u00edo. pero<br \/>Que al d\u00eda de hoy solo se de<span style=\"color: var( --e-global-color-text ); font-family: var( --e-global-typography-text-font-family ), Sans-serif; font-weight: var( --e-global-typography-text-font-weight ); text-align: var(--text-align);\">dica a proclamar el nombre de Jes\u00fas a trav\u00e9s de la m\u00fasica y los artistas\u00a0<\/span><span style=\"color: var( --e-global-color-text ); font-family: var( --e-global-typography-text-font-family ), Sans-serif; font-weight: var( --e-global-typography-text-font-weight ); text-align: var(--text-align);\">que est\u00e1n bajo su sello.<\/span><span style=\"color: var( --e-global-color-text ); font-family: var( --e-global-typography-text-font-family ), Sans-serif; font-weight: var( --e-global-typography-text-font-weight ); text-align: var(--text-align);\">\u00a0<\/span><\/p>\n<p><!-- \/wp:paragraph --><\/p>\t\t\t\t\t\t<\/div>\n\t\t\t\t<\/div>\n\t\t\t\t\t<\/div>\n\t\t\t\t<\/div>\n\t\t\t\t<\/div>\n\t\t","protected":false},"excerpt":{"rendered":"<p>Este 29 de Noviembre , se estrena la nueva canci\u00f3n del grupo cristiano Sion Naci\u00f3n Santa, junto ala artista Daniela Mejia, quienes se destacan en cada lanzamiento por llevar un mensaje deagradecimiento con Dios a trav\u00e9s de la m\u00fasica y sus videos. Calma Remix, es una canci\u00f3n con ritmo Afrolatino, que lleva un mensaje de [&hellip;]<\/p>\n","protected":false},"author":1,"featured_media":4011,"parent":0,"menu_order":0,"comment_status":"closed","ping_status":"closed","template":"","meta":{"_monsterinsights_skip_tracking":false,"_monsterinsights_sitenote_active":false,"_monsterinsights_sitenote_note":"","_monsterinsights_sitenote_category":0,"footnotes":""},"aioseo_notices":[],"_links":{"self":[{"href":"https:\/\/desafiomedios.com\/index.php?rest_route=\/wp\/v2\/pages\/4010"}],"collection":[{"href":"https:\/\/desafiomedios.com\/index.php?rest_route=\/wp\/v2\/pages"}],"about":[{"href":"https:\/\/desafiomedios.com\/index.php?rest_route=\/wp\/v2\/types\/page"}],"author":[{"embeddable":true,"href":"https:\/\/desafiomedios.com\/index.php?rest_route=\/wp\/v2\/users\/1"}],"replies":[{"embeddable":true,"href":"https:\/\/desafiomedios.com\/index.php?rest_route=%2Fwp%2Fv2%2Fcomments&post=4010"}],"version-history":[{"count":3,"href":"https:\/\/desafiomedios.com\/index.php?rest_route=\/wp\/v2\/pages\/4010\/revisions"}],"predecessor-version":[{"id":4014,"href":"https:\/\/desafiomedios.com\/index.php?rest_route=\/wp\/v2\/pages\/4010\/revisions\/4014"}],"wp:featuredmedia":[{"embeddable":true,"href":"https:\/\/desafiomedios.com\/index.php?rest_route=\/wp\/v2\/media\/4011"}],"wp:attachment":[{"href":"https:\/\/desafiomedios.com\/index.php?rest_route=%2Fwp%2Fv2%2Fmedia&parent=4010"}],"curies":[{"name":"wp","href":"https:\/\/api.w.org\/{rel}","templated":true}]}}