{"id":4020,"date":"2024-11-27T16:58:57","date_gmt":"2024-11-27T15:58:57","guid":{"rendered":"https:\/\/desafiomedios.com\/?page_id=4020"},"modified":"2024-11-27T16:59:53","modified_gmt":"2024-11-27T15:59:53","slug":"mas-de-ti-2","status":"publish","type":"page","link":"https:\/\/desafiomedios.com\/?page_id=4020","title":{"rendered":"Mas de Ti"},"content":{"rendered":"\t\t<div data-elementor-type=\"wp-page\" data-elementor-id=\"4020\" class=\"elementor elementor-4020\">\n\t\t\t\t<div class=\"elementor-element elementor-element-3b2c6e62 e-flex e-con-boxed e-con e-parent\" data-id=\"3b2c6e62\" data-element_type=\"container\" data-settings=\"{&quot;content_width&quot;:&quot;boxed&quot;}\" data-core-v316-plus=\"true\">\n\t\t\t\t\t<div class=\"e-con-inner\">\n\t\t\t\t<div class=\"elementor-element elementor-element-3c75a3af elementor-widget elementor-widget-text-editor\" data-id=\"3c75a3af\" data-element_type=\"widget\" data-widget_type=\"text-editor.default\">\n\t\t\t\t<div class=\"elementor-widget-container\">\n\t\t\t<style>\/*! elementor - v3.19.0 - 29-01-2024 *\/\n.elementor-widget-text-editor.elementor-drop-cap-view-stacked .elementor-drop-cap{background-color:#69727d;color:#fff}.elementor-widget-text-editor.elementor-drop-cap-view-framed .elementor-drop-cap{color:#69727d;border:3px solid;background-color:transparent}.elementor-widget-text-editor:not(.elementor-drop-cap-view-default) .elementor-drop-cap{margin-top:8px}.elementor-widget-text-editor:not(.elementor-drop-cap-view-default) .elementor-drop-cap-letter{width:1em;height:1em}.elementor-widget-text-editor .elementor-drop-cap{float:left;text-align:center;line-height:1;font-size:50px}.elementor-widget-text-editor .elementor-drop-cap-letter{display:inline-block}<\/style>\t\t\t\t<p><!-- wp:table {\"className\":\"is-style-regular\"} --><\/p>\n<figure class=\"wp-block-table is-style-regular\">\n<table>\n<tbody>\n<tr>\n<td>Franja Group, \u00a0Viernes 28 de Octubre 2024 \u2013<em><strong>Anna Ly estrena \u201cM\u00e1s de Ti\u201d junto a Lid Galmes: una canci\u00f3n que revive la esencia de la adoraci\u00f3n.<\/strong><\/em><br \/>La destacada cantautora ecuatoriana\u00a0<strong>Anna Ly<\/strong>\u00a0lanza su m\u00e1s reciente sencillo,\u00a0<strong>\u201cM\u00e1s de Ti\u201d,<\/strong>\u00a0una colaboraci\u00f3n conmovedora junto a la cantante chilena\u00a0<strong>Lid Galmes.\u00a0<\/strong>Esta canci\u00f3n captura la esencia de la adoraci\u00f3n en su forma m\u00e1s pura, invitando a las personas a regresar al abrazo del Padre con un coraz\u00f3n sincero, como ni\u00f1os, y a encontrar en \u00c9l una renovada paz y sencillez.<br \/>Con momentos de espontaneidad que surgieron durante su grabaci\u00f3n,\u00a0<strong>\u201cM\u00e1s de Ti\u201d<\/strong>\u00a0es un llamado a la b\u00fasqueda de una relaci\u00f3n \u00edntima con Dios, m\u00e1s all\u00e1 de las palabras y la m\u00fasica.\u00a0<em><strong>\u201cAdmir\u00e9 a Lid por su coraz\u00f3n y ministerio; ella ha sido un pilar fundamental en mi vida, brind\u00e1ndome \u00e1nimo en momentos dif\u00edciles\u201d,<\/strong><\/em>\u00a0comparte Anna Ly sobre su compa\u00f1era en este proyecto.<br \/>Actualmente,\u00a0<strong>Anna Ly<\/strong>\u00a0ejerce como Worship Pastor en LifePoint Church en Florida, donde junto a su esposo lidera un ministerio de adoraci\u00f3n que va m\u00e1s all\u00e1 de las melod\u00edas, convirti\u00e9ndose en un estilo de vida de constante adoraci\u00f3n. Este rol pastoral fortalece su compromiso de llevar a otros hacia una experiencia aut\u00e9ntica con Dios.<br \/>La canci\u00f3n fue compuesta por el talentoso cantautor salvadore\u00f1o\u00a0<strong>Roberto \u201cTito\u201d Mart\u00ednez,<\/strong>\u00a0y producida por\u00a0<strong>Anuar Eljadue<\/strong>\u00a0de Inspired Company, con el apoyo del equipo de producci\u00f3n de\u00a0<strong>Esdras Abuabara<\/strong>. Su video oficial, disponible ya en plataformas digitales, fue grabado en Guayaquil, Ecuador, junto al equipo de adoraci\u00f3n de Casa Ceibos, brindando una atm\u00f3sfera visual que complementa su poderoso mensaje.<br \/><strong>Anna Ly<\/strong>\u00a0se encuentra actualmente de gira celebrando 12 a\u00f1os de ministerio, un recorrido marcado por la fidelidad de Dios y su dedicaci\u00f3n a inspirar a otros a trav\u00e9s de la adoraci\u00f3n. Con\u00a0<strong>\u201cM\u00e1s de Ti\u201d,<\/strong>\u00a0Anna Ly sigue su misi\u00f3n de ofrecer m\u00fasica que transforma vidas y conecta corazones con el Padre.<\/td>\n<\/tr>\n<tr>\n<td>\u00a0<\/td>\n<\/tr>\n<tr>\n<td><br \/><strong>A N N A \u00a0L Y<\/strong><br \/>Cantautora Ecuatoriana que actualmente vive en Miami,Fl grab\u00f3 su primer \u00e1lbum en el a\u00f1o 2015, coloc\u00e1ndola en carteleras a temprana edad. La joven artista contin\u00faa compartiendo un mensaje de amor, fe y esperanza basada en historias personales y situaciones que ha vencido de la mano de Dios.<br \/>Canciones como \u201cEste No es El Final\u201d, \u201cEstoy Junto a Ti&#8221; feat. Manny Montes , \u201cGuardi\u00e1n de mis Sue\u00f1os&#8221;feat. Gilberto Daza han catapultado su carrera. Con sus recientes sencillos ha hecho su debut en el mercado anglo con el apoyo de grandes productores como Seth Mosley de FCM ganador de premios GRAMMY y Dove Awards.<br \/>Anna Ly actualmente se prepara para el lanzamiento de su pr\u00f3ximo sencillo \u201cNo Pares\u201d producido por su esposo, el reconocido productor musical Colombiano Anuar Eljadue y a finales de Agosto estar\u00e1 lanzando su pr\u00f3ximo disco.<br \/><strong>DISCOGRAFIA<\/strong><br \/>Sencillo: \u201cM\u00e1s De Ti\u201d 29 de Julio de 2024 ()<br \/>Sencillo: \u201cBella\u201d 10 Mayo 2024<br \/>Sencillo: \u201cSanta La Noche\u201d 24 Noviembre 2023(Feat Pablo Andr\u00e9s)<br \/>Sencillo: \u201cSoy Feliz\u201d : 12 Septiembre 2023<br \/>Album: \u201cEste No Es El Final\u201d 25 Marzo de2022 (Feat Roberto Prado, Noem\u00ed Prado, Jadi Torres, Josu\u00e9 Salvador)<br \/><br \/>500k+ Youtube vistas -200k+Spotify streams -Posiciones importantes en Playlist: -Apple Music\u2019s \u201cEssentials\u201d &amp; \u201cAlabanza y Adoraci\u00f3n\u201d -Spotify\u2019s \u201cNovedades Cristianas\u201d &amp; \u201cNewMusic Friday Christian\u201d -Portada para: &#8211; Spotify\u2019s \u201cNovedades Cristianas\u201d -Amazon Music\u2019s \u201cVoces de Fe\u201d &#8211;<br \/><strong>Entrevistas TV<\/strong>TBN, Univisi\u00f3n,Enlace TV,y MEGA TV.Apariciones en revistas People en Espa\u00f1ol.Presentaci\u00f3n en tv, radio, and awards show \u00a1Despierta Am\u00e9rica! (Univisi\u00f3n).Acceso Total (Telemundo).<br \/><strong>Premios<\/strong>Lakewood Church en Houston.Ganadora como \u201cMejor Influencer\u201d.Nominada para \u201cAlb\u00fam del A\u00f1o\u201d&amp; \u201cDueto del A\u00f1o\u201d en Premios Redenci\u00f3n, Playstation Theater, NY.Reconocimiento por la Asamblea Nacional del Ecuador como representante Ecuatoriana.<\/td>\n<\/tr>\n<\/tbody>\n<\/table>\n<\/figure>\n<p><!-- \/wp:table --><\/p>\t\t\t\t\t\t<\/div>\n\t\t\t\t<\/div>\n\t\t\t\t\t<\/div>\n\t\t\t\t<\/div>\n\t\t\t\t<\/div>\n\t\t","protected":false},"excerpt":{"rendered":"<p>Franja Group, \u00a0Viernes 28 de Octubre 2024 \u2013Anna Ly estrena \u201cM\u00e1s de Ti\u201d junto a Lid Galmes: una canci\u00f3n que revive la esencia de la adoraci\u00f3n.La destacada cantautora ecuatoriana\u00a0Anna Ly\u00a0lanza su m\u00e1s reciente sencillo,\u00a0\u201cM\u00e1s de Ti\u201d,\u00a0una colaboraci\u00f3n conmovedora junto a la cantante chilena\u00a0Lid Galmes.\u00a0Esta canci\u00f3n captura la esencia de la adoraci\u00f3n en su forma m\u00e1s [&hellip;]<\/p>\n","protected":false},"author":1,"featured_media":4016,"parent":0,"menu_order":0,"comment_status":"closed","ping_status":"closed","template":"","meta":{"_monsterinsights_skip_tracking":false,"_monsterinsights_sitenote_active":false,"_monsterinsights_sitenote_note":"","_monsterinsights_sitenote_category":0,"footnotes":""},"aioseo_notices":[],"_links":{"self":[{"href":"https:\/\/desafiomedios.com\/index.php?rest_route=\/wp\/v2\/pages\/4020"}],"collection":[{"href":"https:\/\/desafiomedios.com\/index.php?rest_route=\/wp\/v2\/pages"}],"about":[{"href":"https:\/\/desafiomedios.com\/index.php?rest_route=\/wp\/v2\/types\/page"}],"author":[{"embeddable":true,"href":"https:\/\/desafiomedios.com\/index.php?rest_route=\/wp\/v2\/users\/1"}],"replies":[{"embeddable":true,"href":"https:\/\/desafiomedios.com\/index.php?rest_route=%2Fwp%2Fv2%2Fcomments&post=4020"}],"version-history":[{"count":3,"href":"https:\/\/desafiomedios.com\/index.php?rest_route=\/wp\/v2\/pages\/4020\/revisions"}],"predecessor-version":[{"id":4023,"href":"https:\/\/desafiomedios.com\/index.php?rest_route=\/wp\/v2\/pages\/4020\/revisions\/4023"}],"wp:featuredmedia":[{"embeddable":true,"href":"https:\/\/desafiomedios.com\/index.php?rest_route=\/wp\/v2\/media\/4016"}],"wp:attachment":[{"href":"https:\/\/desafiomedios.com\/index.php?rest_route=%2Fwp%2Fv2%2Fmedia&parent=4020"}],"curies":[{"name":"wp","href":"https:\/\/api.w.org\/{rel}","templated":true}]}}