{"id":4030,"date":"2024-11-28T15:53:26","date_gmt":"2024-11-28T14:53:26","guid":{"rendered":"https:\/\/desafiomedios.com\/?page_id=4030"},"modified":"2024-11-28T15:54:32","modified_gmt":"2024-11-28T14:54:32","slug":"aliste-sus-pasos-fernando-ramos-lanza-su-nuevo-sencillo-la-gloria-de-esta-casa","status":"publish","type":"page","link":"https:\/\/desafiomedios.com\/?page_id=4030","title":{"rendered":"Aliste sus pasos, Fernando Ramos Lanza su nuevo sencillo &#8216;La Gloria de Esta Casa"},"content":{"rendered":"\t\t<div data-elementor-type=\"wp-page\" data-elementor-id=\"4030\" class=\"elementor elementor-4030\">\n\t\t\t\t<div class=\"elementor-element elementor-element-16b75827 e-flex e-con-boxed e-con e-parent\" data-id=\"16b75827\" data-element_type=\"container\" data-settings=\"{&quot;content_width&quot;:&quot;boxed&quot;}\" data-core-v316-plus=\"true\">\n\t\t\t\t\t<div class=\"e-con-inner\">\n\t\t\t\t<div class=\"elementor-element elementor-element-625ee29c elementor-widget elementor-widget-text-editor\" data-id=\"625ee29c\" data-element_type=\"widget\" data-widget_type=\"text-editor.default\">\n\t\t\t\t<div class=\"elementor-widget-container\">\n\t\t\t<style>\/*! elementor - v3.19.0 - 29-01-2024 *\/\n.elementor-widget-text-editor.elementor-drop-cap-view-stacked .elementor-drop-cap{background-color:#69727d;color:#fff}.elementor-widget-text-editor.elementor-drop-cap-view-framed .elementor-drop-cap{color:#69727d;border:3px solid;background-color:transparent}.elementor-widget-text-editor:not(.elementor-drop-cap-view-default) .elementor-drop-cap{margin-top:8px}.elementor-widget-text-editor:not(.elementor-drop-cap-view-default) .elementor-drop-cap-letter{width:1em;height:1em}.elementor-widget-text-editor .elementor-drop-cap{float:left;text-align:center;line-height:1;font-size:50px}.elementor-widget-text-editor .elementor-drop-cap-letter{display:inline-block}<\/style>\t\t\t\t<!-- wp:paragraph -->\n<p>El pastor y cantautor Fernando Ramos presenta &#8216;La Gloria de Esta Casa&#8217;, una poderosa fusi\u00f3n de fe, esperanza y el vibrante estilo disco. Este tema, grabado en estudio, incluye un videoclip especial que re\u00fane a vocalistas del ministerio, pastores y ni\u00f1os que simbolizan las nuevas generaciones.<\/p>\n<!-- \/wp:paragraph -->\n\n<!-- wp:paragraph -->\n<p>&#8216;La Gloria de Esta Casa&#8217; est\u00e1 inspirada en el mensaje del profeta Hageo, es un llamado a renovar la fe, la mente y las fuerzas para creer en un futuro lleno de la gloria de Dios.<\/p>\n<!-- \/wp:paragraph -->\n\n<!-- wp:paragraph -->\n<p>La canci\u00f3n proclama la promesa de que &#8220;la gloria postrera ser\u00e1 mayor que la primera&#8221;, record\u00e1ndonos que lo mejor a\u00fan est\u00e1 por venir. Dios est\u00e1 preparando cosas mayores y lo que estamos conquistando forma parte de esa gloria a\u00fan mayor.<\/p>\n<!-- \/wp:paragraph -->\n\n<!-- wp:paragraph -->\n<p>Este sencillo llega tras el exitoso lanzamiento del \u00e1lbum &#8220;Cl\u00e1sicos&#8221;, una colecci\u00f3n de 8 canciones ic\u00f3nicas que incluyeron colaboraciones destacadas con artistas como Marco Barrientos y La Feria.<\/p>\n<!-- \/wp:paragraph -->\n\n<!-- wp:paragraph -->\n<p>Adem\u00e1s, este nuevo lanzamiento anticipa la llegada de un pr\u00f3ximo \u00e1lbum, previsto para inicios de 2025, que continuar\u00e1 el estilo inconfundible de adoraci\u00f3n y alabanza que caracteriza el ministerio musical de Fernando Ramos.<\/p>\n<!-- \/wp:paragraph -->\n\n<!-- wp:paragraph -->\n<p>\u00a1El sencillo estar\u00e1 disponible a partir del 28 de noviembre en todas las plataformas digitales!<\/p>\n<!-- \/wp:paragraph -->\n\n<!-- wp:paragraph -->\n<p>\ud83c\udf99\ufe0fPara agendar entrevistas pueden comunicarse con Adriana Romero al WhatsApp: 3133169390<\/p>\n<!-- \/wp:paragraph -->\n\n<!-- wp:paragraph -->\n<p>Haz el pre save en este enlace y se el primero en escucharla \ud83c\udfa7<\/p>\n<!-- \/wp:paragraph -->\n\n<!-- wp:paragraph -->\n<p>\ud83d\udd17 https:\/\/found.ee\/LaGloriaDEC<\/p>\n<!-- \/wp:paragraph -->\t\t\t\t\t\t<\/div>\n\t\t\t\t<\/div>\n\t\t\t\t\t<\/div>\n\t\t\t\t<\/div>\n\t\t\t\t<\/div>\n\t\t","protected":false},"excerpt":{"rendered":"<p>El pastor y cantautor Fernando Ramos presenta &#8216;La Gloria de Esta Casa&#8217;, una poderosa fusi\u00f3n de fe, esperanza y el vibrante estilo disco. Este tema, grabado en estudio, incluye un videoclip especial que re\u00fane a vocalistas del ministerio, pastores y ni\u00f1os que simbolizan las nuevas generaciones. &#8216;La Gloria de Esta Casa&#8217; est\u00e1 inspirada en el [&hellip;]<\/p>\n","protected":false},"author":1,"featured_media":4032,"parent":0,"menu_order":0,"comment_status":"closed","ping_status":"closed","template":"","meta":{"_monsterinsights_skip_tracking":false,"_monsterinsights_sitenote_active":false,"_monsterinsights_sitenote_note":"","_monsterinsights_sitenote_category":0,"footnotes":""},"aioseo_notices":[],"_links":{"self":[{"href":"https:\/\/desafiomedios.com\/index.php?rest_route=\/wp\/v2\/pages\/4030"}],"collection":[{"href":"https:\/\/desafiomedios.com\/index.php?rest_route=\/wp\/v2\/pages"}],"about":[{"href":"https:\/\/desafiomedios.com\/index.php?rest_route=\/wp\/v2\/types\/page"}],"author":[{"embeddable":true,"href":"https:\/\/desafiomedios.com\/index.php?rest_route=\/wp\/v2\/users\/1"}],"replies":[{"embeddable":true,"href":"https:\/\/desafiomedios.com\/index.php?rest_route=%2Fwp%2Fv2%2Fcomments&post=4030"}],"version-history":[{"count":5,"href":"https:\/\/desafiomedios.com\/index.php?rest_route=\/wp\/v2\/pages\/4030\/revisions"}],"predecessor-version":[{"id":4041,"href":"https:\/\/desafiomedios.com\/index.php?rest_route=\/wp\/v2\/pages\/4030\/revisions\/4041"}],"wp:featuredmedia":[{"embeddable":true,"href":"https:\/\/desafiomedios.com\/index.php?rest_route=\/wp\/v2\/media\/4032"}],"wp:attachment":[{"href":"https:\/\/desafiomedios.com\/index.php?rest_route=%2Fwp%2Fv2%2Fmedia&parent=4030"}],"curies":[{"name":"wp","href":"https:\/\/api.w.org\/{rel}","templated":true}]}}